{"id":710,"date":"2026-03-23T12:28:20","date_gmt":"2026-03-23T11:28:20","guid":{"rendered":"https:\/\/bihar.eus\/?page_id=710"},"modified":"2026-04-15T11:18:05","modified_gmt":"2026-04-15T10:18:05","slug":"hedabideak","status":"publish","type":"page","link":"https:\/\/bihar.eus\/fr\/hedabideak\/","title":{"rendered":"M\u00e9dias"},"content":{"rendered":"<section class=\"l-section wpb_row us_custom_9804c31a height_small full_height valign_top\"><div class=\"l-section-h i-cf\"><div class=\"g-cols vc_row via_grid cols_1 laptops-cols_inherit tablets-cols_inherit mobiles-cols_1 valign_top type_default stacking_default\"><div class=\"wpb_column vc_column_container\"><div class=\"vc_column-inner\"><h1 class=\"w-post-elm post_title us_custom_a106749e entry-title color_link_inherit\">M\u00e9dias<\/h1><h5 class=\"w-text us_custom_a106749e\"><span class=\"w-text-h\"><span class=\"w-text-value\">Tout ce dont vous avez besoin !<\/span><\/span><\/h5><div class=\"w-separator size_medium\"><\/div><div class=\"g-cols wpb_row via_grid cols_custom laptops-cols_inherit tablets-cols_inherit mobiles-cols_1 valign_top type_default stacking_default\" style=\"--columns-gap:5rem;--custom-columns:3fr 1.5fr 1.5fr \"><div class=\"wpb_column vc_column_container\"><div class=\"vc_column-inner\"><div class=\"wpb_text_column\"><div class=\"wpb_wrapper\"><p><strong>Communiqu\u00e9 de presse<\/strong><\/p>\n<\/div><\/div><div class=\"w-btn-wrapper align_none\"><a class=\"w-btn us-btn-style_3 icon_atright\" href=\"\/wp-content\/uploads\/2026\/04\/2026-04-15-BIHAR-Prentsa-oharra-FRANTSESEZ.docx\"><span class=\"w-btn-label\">T\u00e9l\u00e9charger<\/span><i class=\"fas fa-download\"><\/i><\/a><\/div><div class=\"w-separator size_small\"><\/div><div class=\"wpb_text_column\"><div class=\"wpb_wrapper\"><p><strong>Images de la conf\u00e9rence de presse<\/strong><\/p>\n<\/div><\/div><div class=\"w-btn-wrapper align_none\"><a class=\"w-btn us-btn-style_3 icon_atright\" href=\"\/wp-content\/uploads\/2026\/04\/prentsuarreko-irudiak.zip\"><span class=\"w-btn-label\">T\u00e9l\u00e9charger<\/span><i class=\"fas fa-download\"><\/i><\/a><\/div><div class=\"w-separator size_small\"><\/div><div class=\"wpb_text_column\"><div class=\"wpb_wrapper\"><p><strong>Affiche du congr\u00e8s<\/strong><\/p>\n<\/div><\/div><div class=\"w-btn-wrapper align_none\"><a class=\"w-btn us-btn-style_3 icon_atright\" target=\"_blank\" href=\"\/wp-content\/uploads\/2026\/04\/kartela-a4-2026-04-07-baxuan.pdf\"><span class=\"w-btn-label\">T\u00e9l\u00e9charger<\/span><i class=\"fas fa-download\"><\/i><\/a><\/div><div class=\"w-separator size_small\"><\/div><div class=\"wpb_text_column\"><div class=\"wpb_wrapper\"><p><strong>Identit\u00e9 visuelle<\/strong><\/p>\n<\/div><\/div><div class=\"w-btn-wrapper align_none\"><a class=\"w-btn us-btn-style_3 icon_atright\" href=\"\/wp-content\/uploads\/2026\/04\/aldaerak.zip\"><span class=\"w-btn-label\">T\u00e9l\u00e9charger au format .png<\/span><i class=\"fas fa-download\"><\/i><\/a><\/div><div class=\"w-btn-wrapper align_none\"><a class=\"w-btn us-btn-style_3 icon_atright\" href=\"\/wp-content\/uploads\/2026\/04\/aldaerak-bektorean.zip\"><span class=\"w-btn-label\">T\u00e9l\u00e9charger au format .eps<\/span><i class=\"fas fa-download\"><\/i><\/a><\/div><div class=\"w-btn-wrapper align_none\"><a class=\"w-btn us-btn-style_3 icon_atright\" target=\"_blank\" href=\"\/wp-content\/uploads\/2026\/04\/bihar-marka-eskuliburua-1.pdf\"><span class=\"w-btn-label\">T\u00e9l\u00e9chargez le manuel de marquage<\/span><i class=\"fas fa-download\"><\/i><\/a><\/div><\/div><\/div><div class=\"wpb_column vc_column_container\"><div class=\"vc_column-inner\"><div class=\"wpb_text_column\"><div class=\"wpb_wrapper\"><p><span>Banni\u00e8res:<\/span><\/p>\n<\/div><\/div><div class=\"wpb_text_column\"><div class=\"wpb_wrapper\"><p><span>4 formats<\/span>: 300x250px \/ 300x300px \/ 300x600px \/ 800x150px<\/p>\n<\/div><\/div><div class=\"w-separator size_custom\" style=\"height:0.5rem\"><\/div><div class=\"w-btn-wrapper align_none\"><a class=\"w-btn us-btn-style_3 icon_atright\" href=\"\/wp-content\/uploads\/2026\/04\/bannerak.zip\"><span class=\"w-btn-label\">T\u00e9l\u00e9charger<\/span><i class=\"fas fa-download\"><\/i><\/a><\/div><\/div><\/div><div class=\"wpb_column vc_column_container\"><div class=\"vc_column-inner\"><div class=\"w-image align_none\"><div class=\"w-image-h\"><img decoding=\"async\" width=\"341\" height=\"341\" src=\"https:\/\/bihar.eus\/wp-content\/uploads\/2026\/03\/300x300.png\" class=\"attachment-large size-large\" alt=\"\" loading=\"lazy\" srcset=\"https:\/\/bihar.eus\/wp-content\/uploads\/2026\/03\/300x300.png 341w, https:\/\/bihar.eus\/wp-content\/uploads\/2026\/03\/300x300-300x300.png 300w, https:\/\/bihar.eus\/wp-content\/uploads\/2026\/03\/300x300-150x150.png 150w\" sizes=\"auto, (max-width: 341px) 100vw, 341px\" \/><\/div><\/div><\/div><\/div><\/div><div class=\"w-separator size_huge\"><\/div><div class=\"w-separator size_huge\"><\/div><\/div><\/div><\/div><\/div><\/section>\n","protected":false},"excerpt":{"rendered":"M\u00e9diasTout ce dont vous avez besoin !Communiqu\u00e9 de presse T\u00e9l\u00e9chargerImages de la conf\u00e9rence de presse T\u00e9l\u00e9chargerAffiche du congr\u00e8s T\u00e9l\u00e9chargerIdentit\u00e9 visuelle T\u00e9l\u00e9charger au format .pngT\u00e9l\u00e9charger au format .epsT\u00e9l\u00e9chargez le manuel de marquageBanni\u00e8res: 4 formats: 300x250px \/ 300x300px \/ 300x600px \/ 800x150px T\u00e9l\u00e9charger","protected":false},"author":1,"featured_media":0,"parent":0,"menu_order":0,"comment_status":"closed","ping_status":"closed","template":"","meta":{"_acf_changed":false,"om_disable_all_campaigns":false,"_monsterinsights_skip_tracking":false,"_monsterinsights_sitenote_active":false,"_monsterinsights_sitenote_note":"","_monsterinsights_sitenote_category":0,"footnotes":""},"class_list":["post-710","page","type-page","status-publish","hentry"],"acf":[],"aioseo_notices":[],"_links":{"self":[{"href":"https:\/\/bihar.eus\/fr\/wp-json\/wp\/v2\/pages\/710","targetHints":{"allow":["GET"]}}],"collection":[{"href":"https:\/\/bihar.eus\/fr\/wp-json\/wp\/v2\/pages"}],"about":[{"href":"https:\/\/bihar.eus\/fr\/wp-json\/wp\/v2\/types\/page"}],"author":[{"embeddable":true,"href":"https:\/\/bihar.eus\/fr\/wp-json\/wp\/v2\/users\/1"}],"replies":[{"embeddable":true,"href":"https:\/\/bihar.eus\/fr\/wp-json\/wp\/v2\/comments?post=710"}],"version-history":[{"count":9,"href":"https:\/\/bihar.eus\/fr\/wp-json\/wp\/v2\/pages\/710\/revisions"}],"predecessor-version":[{"id":1395,"href":"https:\/\/bihar.eus\/fr\/wp-json\/wp\/v2\/pages\/710\/revisions\/1395"}],"wp:attachment":[{"href":"https:\/\/bihar.eus\/fr\/wp-json\/wp\/v2\/media?parent=710"}],"curies":[{"name":"wp","href":"https:\/\/api.w.org\/{rel}","templated":true}]}}