{"id":694,"date":"2026-03-24T12:57:03","date_gmt":"2026-03-24T11:57:03","guid":{"rendered":"https:\/\/bihar.eus\/?page_id=694"},"modified":"2026-04-16T14:12:28","modified_gmt":"2026-04-16T13:12:28","slug":"sozializazioa","status":"publish","type":"page","link":"https:\/\/bihar.eus\/fr\/sozializazioa\/","title":{"rendered":"SOCIALISATION"},"content":{"rendered":"<section class=\"l-section wpb_row height_small\"><div class=\"l-section-h i-cf\"><div class=\"g-cols vc_row via_grid cols_2-1 laptops-cols_inherit tablets-cols_inherit mobiles-cols_1 valign_top type_default stacking_default\"><div class=\"wpb_column vc_column_container\"><div class=\"vc_column-inner\"><h1 class=\"w-post-elm post_title us_custom_32138d05 entry-title color_link_inherit\">SOCIALISATION<\/h1><div class=\"wpb_text_column\"><div class=\"wpb_wrapper\"><h5>Transfert \u00e0 la soci\u00e9t\u00e9<\/h5>\n<\/div><\/div><div class=\"w-separator size_small\"><\/div><div class=\"w-btn-wrapper align_none hide_on_default hide_on_laptops hide_on_tablets hide_on_mobiles\"><a class=\"w-btn us-btn-style_4 icon_atright\" href=\"#\"><span class=\"w-btn-label\">Deskargatu txostena<\/span><i class=\"fas fa-download\"><\/i><\/a><\/div><div class=\"w-separator size_medium\"><\/div><div class=\"wpb_text_column\"><div class=\"wpb_wrapper\"><p>Au printemps 2026, les r\u00e9sultats du diagnostic seront partag\u00e9s avec les acteurs engag\u00e9s en faveur de la langue basque, ainsi qu&rsquo;avec ceux impliqu\u00e9s dans d&rsquo;autres mouvements sociaux au Pays Basque. C&rsquo;est la deuxi\u00e8me \u00e9tape du projet BIHAR : un processus de socialisation et de r\u00e9flexion collective.<\/p>\n<p>Au total, <strong>vingt sessions de travail<\/strong> sont organis\u00e9es sur l&rsquo;ensemble du territoire, ainsi qu&rsquo;un s\u00e9minaire commun, r\u00e9unissant plus de <strong>100 acteurs<\/strong> issus de diff\u00e9rents milieux : d\u00e9fenseurs de la langue basque, f\u00e9minisme, \u00e9cologisme, mouvements de jeunesse, collectifs de solidarit\u00e9 avec les personnes migrantes, mouvement LGBTIQ+, antiracisme et coop\u00e9ration, entre autres.<\/p>\n<p>Ces espaces sont une opportunit\u00e9 pour actualiser les cadres d&rsquo;interpr\u00e9tation du mouvement basque, en articulant la revitalisation linguistique avec d&rsquo;autres revendications sociales. Une attention particuli\u00e8re sera port\u00e9e \u00e0 la construction de relations \u00e9quilibr\u00e9es et fond\u00e9es sur l&rsquo;\u00e9change avec des communaut\u00e9s linguistiques du monde entier, ainsi qu&rsquo;\u00e0 la reconnaissance de leur diversit\u00e9 interne.<\/p>\n<p>L&rsquo;objectif : renforcer les capacit\u00e9s collectives pour produire des discours transformateurs, inclusifs et intersectionnels, dans des contextes locaux comme internationaux.<\/p>\n<\/div><\/div><\/div><\/div><div class=\"wpb_column vc_column_container\"><div class=\"vc_column-inner\"><div class=\"w-image align_none\"><div class=\"w-image-h\"><img decoding=\"async\" width=\"580\" height=\"774\" src=\"https:\/\/bihar.eus\/wp-content\/uploads\/2026\/03\/Grupo-335.png\" class=\"attachment-large size-large\" alt=\"\" loading=\"lazy\" srcset=\"https:\/\/bihar.eus\/wp-content\/uploads\/2026\/03\/Grupo-335.png 580w, https:\/\/bihar.eus\/wp-content\/uploads\/2026\/03\/Grupo-335-225x300.png 225w\" sizes=\"auto, (max-width: 580px) 100vw, 580px\" \/><\/div><\/div><\/div><\/div><\/div><\/div><\/section><section class=\"l-section wpb_row us_custom_413d3f64 height_small\"><div class=\"l-section-h i-cf\"><div class=\"g-cols vc_row via_grid cols_1 laptops-cols_inherit tablets-cols_inherit mobiles-cols_1 valign_top type_default stacking_default\"><div class=\"wpb_column vc_column_container\"><div class=\"vc_column-inner\"><div class=\"wpb_text_column\"><div class=\"wpb_wrapper\"><p><strong>Calendrier des sessions au Pays Basque :<\/strong><\/p>\n<\/div><\/div><div class=\"w-hwrapper us_custom_a7a95a16 valign_top align_none\"><div class=\"wpb_text_column us_custom_fba90a43 has_text_color\"><div class=\"wpb_wrapper\"><ul>\n<li>14 et 28 avril : Pampelune<\/li>\n<li>15 et 29 avril : Durango<\/li>\n<li>16 et 30 avril : Andoain<\/li>\n<li>21 avril et 5 mai : Barakaldo<\/li>\n<li>22 avril et 6 mai : Saint-S\u00e9bastien<\/li>\n<li>23 avril et 7 mai : Vitoria-Gasteiz<\/li>\n<\/ul>\n<\/div><\/div><div class=\"wpb_text_column us_custom_fba90a43 has_text_color\"><div class=\"wpb_wrapper\"><ul>\n<li>12 et 26 mai : Bayonne<\/li>\n<li>13 et 27 mai : Bilbao<\/li>\n<li>14 et 28 mai : Arrasate<\/li>\n<li>15 et 29 mai : Laudio<\/li>\n<li><strong>4 juin : BIHARko Taupada<\/strong>\u00a0<em>(s\u00e9minaire de cl\u00f4ture)<\/em><\/li>\n<\/ul>\n<\/div><\/div><\/div><div class=\"w-separator size_huge\"><\/div><div class=\"w-separator size_huge\"><\/div><\/div><\/div><\/div><\/div><\/section>\n","protected":false},"excerpt":{"rendered":"SOCIALISATIONTransfert \u00e0 la soci\u00e9t\u00e9 Deskargatu txostenaAu printemps 2026, les r\u00e9sultats du diagnostic seront partag\u00e9s avec les acteurs engag\u00e9s en faveur de la langue basque, ainsi qu&rsquo;avec ceux impliqu\u00e9s dans d&rsquo;autres mouvements sociaux au Pays Basque. C&rsquo;est la deuxi\u00e8me \u00e9tape du projet BIHAR : un processus de socialisation et de r\u00e9flexion collective. Au total, vingt sessions...","protected":false},"author":1,"featured_media":0,"parent":0,"menu_order":0,"comment_status":"closed","ping_status":"closed","template":"","meta":{"_acf_changed":false,"om_disable_all_campaigns":false,"_monsterinsights_skip_tracking":false,"_monsterinsights_sitenote_active":false,"_monsterinsights_sitenote_note":"","_monsterinsights_sitenote_category":0,"footnotes":""},"class_list":["post-694","page","type-page","status-publish","hentry"],"acf":[],"aioseo_notices":[],"_links":{"self":[{"href":"https:\/\/bihar.eus\/fr\/wp-json\/wp\/v2\/pages\/694","targetHints":{"allow":["GET"]}}],"collection":[{"href":"https:\/\/bihar.eus\/fr\/wp-json\/wp\/v2\/pages"}],"about":[{"href":"https:\/\/bihar.eus\/fr\/wp-json\/wp\/v2\/types\/page"}],"author":[{"embeddable":true,"href":"https:\/\/bihar.eus\/fr\/wp-json\/wp\/v2\/users\/1"}],"replies":[{"embeddable":true,"href":"https:\/\/bihar.eus\/fr\/wp-json\/wp\/v2\/comments?post=694"}],"version-history":[{"count":4,"href":"https:\/\/bihar.eus\/fr\/wp-json\/wp\/v2\/pages\/694\/revisions"}],"predecessor-version":[{"id":1411,"href":"https:\/\/bihar.eus\/fr\/wp-json\/wp\/v2\/pages\/694\/revisions\/1411"}],"wp:attachment":[{"href":"https:\/\/bihar.eus\/fr\/wp-json\/wp\/v2\/media?parent=694"}],"curies":[{"name":"wp","href":"https:\/\/api.w.org\/{rel}","templated":true}]}}