{"id":683,"date":"2026-03-26T11:03:37","date_gmt":"2026-03-26T10:03:37","guid":{"rendered":"https:\/\/bihar.eus\/?page_id=683"},"modified":"2026-04-14T15:25:32","modified_gmt":"2026-04-14T14:25:32","slug":"diagnostikoa","status":"publish","type":"page","link":"https:\/\/bihar.eus\/fr\/diagnostikoa\/","title":{"rendered":"DIAGNOSTIC"},"content":{"rendered":"<section class=\"l-section wpb_row height_small\"><div class=\"l-section-h i-cf\"><div class=\"g-cols vc_row via_grid cols_1 laptops-cols_inherit tablets-cols_inherit mobiles-cols_1 valign_middle type_default stacking_default\"><div class=\"wpb_column vc_column_container\"><div class=\"vc_column-inner\"><div class=\"w-separator size_small\"><\/div><div class=\"wpb_text_column\"><div class=\"wpb_wrapper\"><h1>Diagnostic<\/h1>\n<\/div><\/div><div class=\"wpb_text_column\"><div class=\"wpb_wrapper\"><h5>Discours internationaux pour la revitalisation des langues<\/h5>\n<\/div><\/div><div class=\"w-separator size_small\"><\/div><div class=\"wpb_text_column\"><div class=\"wpb_wrapper\"><p>En 2025, nous avons collect\u00e9 des discours sur les langues en voie de revitalisation \u00e0 travers le monde, en donnant la parole \u00e0 de nombreuses communaut\u00e9s linguistiques actives sur la sc\u00e8ne internationale \u2014 en particulier celles impliqu\u00e9es dans des processus de revitalisation de langues minor\u00e9es.<\/p>\n<\/div><\/div><div class=\"w-separator size_small\"><\/div><div class=\"w-separator size_small\"><\/div><\/div><\/div><\/div><\/div><\/section><section class=\"l-section wpb_row height_auto\"><div class=\"l-section-h i-cf\"><div class=\"g-cols vc_row via_grid cols_2 laptops-cols_inherit tablets-cols_inherit mobiles-cols_1 valign_middle type_default stacking_default\" style=\"--columns-gap:0rem;\"><div class=\"wpb_column vc_column_container us_custom_84e0aa9b\"><div class=\"vc_column-inner\"><div class=\"w-separator size_small\"><\/div><div class=\"wpb_text_column\"><div class=\"wpb_wrapper\"><h3>Au total, les discours d&rsquo;environ <strong>70 communaut\u00e9s linguistiques<\/strong> r\u00e9parties sur les cinq continents ont \u00e9t\u00e9 analys\u00e9s, selon une approche intersectionnelle.<\/h3>\n<p>Parmi les langues concern\u00e9es : l&rsquo;aymara, le bubi, le quechua, le kurde, le m\u0101ori, le santali, le sencoten, le nquiyaampaa, le tongien, le balinais, le frison, le dumi, le catalan, le hawa\u00efen, le maasa\u00ef, le mapuche, entre autres.<\/p>\n<\/div><\/div><\/div><\/div><div class=\"wpb_column vc_column_container\"><div class=\"vc_column-inner\"><div class=\"w-image align_none\"><div class=\"w-image-h\"><img decoding=\"async\" width=\"638\" height=\"573\" src=\"https:\/\/bihar.eus\/wp-content\/uploads\/2026\/03\/Enmascarar-grupo-2.png\" class=\"attachment-large size-large\" alt=\"\" loading=\"lazy\" srcset=\"https:\/\/bihar.eus\/wp-content\/uploads\/2026\/03\/Enmascarar-grupo-2.png 638w, https:\/\/bihar.eus\/wp-content\/uploads\/2026\/03\/Enmascarar-grupo-2-300x269.png 300w\" sizes=\"auto, (max-width: 638px) 100vw, 638px\" \/><\/div><\/div><\/div><\/div><\/div><\/div><\/section><section class=\"l-section wpb_row height_auto\"><div class=\"l-section-h i-cf\"><div class=\"g-cols vc_row via_grid cols_2 laptops-cols_inherit tablets-cols_inherit mobiles-cols_1 valign_middle type_default stacking_default\" style=\"--columns-gap:0rem;\"><div class=\"wpb_column vc_column_container\"><div class=\"vc_column-inner\"><div class=\"w-image align_none\"><div class=\"w-image-h\"><img decoding=\"async\" width=\"651\" height=\"389\" src=\"https:\/\/bihar.eus\/wp-content\/uploads\/2026\/03\/Grupo-16.png\" class=\"attachment-large size-large\" alt=\"\" loading=\"lazy\" srcset=\"https:\/\/bihar.eus\/wp-content\/uploads\/2026\/03\/Grupo-16.png 651w, https:\/\/bihar.eus\/wp-content\/uploads\/2026\/03\/Grupo-16-300x179.png 300w\" sizes=\"auto, (max-width: 651px) 100vw, 651px\" \/><\/div><\/div><\/div><\/div><div class=\"wpb_column vc_column_container us_custom_9fdfc668\"><div class=\"vc_column-inner\"><div class=\"w-separator size_small\"><\/div><div class=\"wpb_text_column\"><div class=\"wpb_wrapper\"><h3>Entretiens approfondis et groupes de discussion<\/h3>\n<p>La recherche a privil\u00e9gi\u00e9 des m\u00e9thodes qualitatives \u2014 entretiens approfondis et groupes de discussion \u2014 compl\u00e9t\u00e9es par l&rsquo;analyse d&rsquo;un volume significatif de documents produits par des organisations et des communaut\u00e9s de locuteurs.<\/p>\n<\/div><\/div><\/div><\/div><\/div><\/div><\/section><section class=\"l-section wpb_row height_auto\"><div class=\"l-section-h i-cf\"><div class=\"g-cols vc_row via_grid cols_2 laptops-cols_inherit tablets-cols_inherit mobiles-cols_1 valign_middle type_default stacking_default\" style=\"--columns-gap:0rem;\"><div class=\"wpb_column vc_column_container us_custom_84e0aa9b\"><div class=\"vc_column-inner\"><div class=\"w-separator size_small\"><\/div><div class=\"wpb_text_column\"><div class=\"wpb_wrapper\"><h3>Nazioarteko diskurtsoen diagnostikoa.<\/h3>\n<p>L&rsquo;objectif : identifier les principaux \u00e9l\u00e9ments narratifs en s&rsquo;appuyant sur le travail d&rsquo;acteurs cl\u00e9s. Cette phase a abouti \u00e0 un <strong>diagnostic des discours internationaux pour la revitalisation linguistique<\/strong>.<\/p>\n<\/div><\/div><\/div><\/div><div class=\"wpb_column vc_column_container\"><div class=\"vc_column-inner\"><div class=\"w-image align_none\"><div class=\"w-image-h\"><img decoding=\"async\" width=\"1024\" height=\"683\" src=\"https:\/\/bihar.eus\/wp-content\/uploads\/2026\/04\/vibrant-andean-textile-close-up-traditional-weaving-1-1024x683.jpg\" class=\"attachment-large size-large\" alt=\"\" loading=\"lazy\" srcset=\"https:\/\/bihar.eus\/wp-content\/uploads\/2026\/04\/vibrant-andean-textile-close-up-traditional-weaving-1-1024x683.jpg 1024w, https:\/\/bihar.eus\/wp-content\/uploads\/2026\/04\/vibrant-andean-textile-close-up-traditional-weaving-1-300x200.jpg 300w\" sizes=\"auto, (max-width: 1024px) 100vw, 1024px\" \/><\/div><\/div><\/div><\/div><\/div><\/div><\/section><section class=\"l-section wpb_row height_large\"><div class=\"l-section-h i-cf\"><div class=\"g-cols vc_row via_grid cols_1 laptops-cols_inherit tablets-cols_inherit mobiles-cols_1 valign_top type_default stacking_default\"><div class=\"wpb_column vc_column_container\"><div class=\"vc_column-inner\"><\/div><\/div><\/div><\/div><\/section><section class=\"l-section wpb_row us_custom_6c165868 height_auto\"><div class=\"l-section-h i-cf\"><div class=\"g-cols vc_row via_grid cols_1 laptops-cols_inherit tablets-cols_inherit mobiles-cols_1 valign_middle type_default stacking_default\" style=\"--columns-gap:0rem;\"><div class=\"wpb_column vc_column_container us_custom_84e0aa9b\"><div class=\"vc_column-inner\"><div class=\"w-separator size_small\"><\/div><div class=\"wpb_text_column\"><div class=\"wpb_wrapper\"><p style=\"text-align: center;\">Ce diagnostic a \u00e9t\u00e9 \u00e9labor\u00e9 en collaboration avec plusieurs organisations : le First Peoples&rsquo; Cultural Council (FPCC), l&rsquo;Endangered Languages Project (ELP), l&rsquo;Associaci\u00f3 Linguapax Internacional, la Chaire UNESCO du Patrimoine Linguistique Mondial de l&rsquo;Universit\u00e9 du Pays Basque (EHU), et HIGA, la rencontre des jeunes locuteurs de langues minor\u00e9es.<\/p>\n<\/div><\/div><div class=\"w-separator size_small\"><\/div><div class=\"w-hwrapper valign_middle align_justify\" style=\"--hwrapper-gap:2.2rem\"><div class=\"w-image us_custom_3000a3fb align_none\"><div class=\"w-image-h\"><img decoding=\"async\" width=\"1024\" height=\"190\" src=\"https:\/\/bihar.eus\/wp-content\/uploads\/2026\/04\/FPCC_Logo_Horizontal-RGB_BorrealGreen-1024x190.png\" class=\"attachment-large size-large\" alt=\"\" loading=\"lazy\" srcset=\"https:\/\/bihar.eus\/wp-content\/uploads\/2026\/04\/FPCC_Logo_Horizontal-RGB_BorrealGreen-1024x190.png 1024w, https:\/\/bihar.eus\/wp-content\/uploads\/2026\/04\/FPCC_Logo_Horizontal-RGB_BorrealGreen-300x56.png 300w\" sizes=\"auto, (max-width: 1024px) 100vw, 1024px\" \/><\/div><\/div><div class=\"w-image us_custom_3000a3fb align_none\"><div class=\"w-image-h\"><img decoding=\"async\" width=\"892\" height=\"289\" src=\"https:\/\/bihar.eus\/wp-content\/uploads\/2026\/04\/ELP-Logo-black-1.png\" class=\"attachment-large size-large\" alt=\"\" loading=\"lazy\" srcset=\"https:\/\/bihar.eus\/wp-content\/uploads\/2026\/04\/ELP-Logo-black-1.png 892w, https:\/\/bihar.eus\/wp-content\/uploads\/2026\/04\/ELP-Logo-black-1-300x97.png 300w\" sizes=\"auto, (max-width: 892px) 100vw, 892px\" \/><\/div><\/div><div class=\"w-image us_custom_4c618620 align_none\"><div class=\"w-image-h\"><img decoding=\"async\" width=\"500\" height=\"500\" src=\"https:\/\/bihar.eus\/wp-content\/uploads\/2026\/04\/linguapax_logo.png\" class=\"attachment-large size-large\" alt=\"\" loading=\"lazy\" srcset=\"https:\/\/bihar.eus\/wp-content\/uploads\/2026\/04\/linguapax_logo.png 500w, https:\/\/bihar.eus\/wp-content\/uploads\/2026\/04\/linguapax_logo-300x300.png 300w, https:\/\/bihar.eus\/wp-content\/uploads\/2026\/04\/linguapax_logo-150x150.png 150w\" sizes=\"auto, (max-width: 500px) 100vw, 500px\" \/><\/div><\/div><div class=\"w-image us_custom_f0b9c96d align_none\"><div class=\"w-image-h\"><img decoding=\"async\" width=\"1024\" height=\"316\" src=\"https:\/\/bihar.eus\/wp-content\/uploads\/2026\/04\/LOGO-Catedra-UNESCO-de-Patrimonio-Linguistico-Mundial_alta-1024x316.png\" class=\"attachment-large size-large\" alt=\"\" loading=\"lazy\" srcset=\"https:\/\/bihar.eus\/wp-content\/uploads\/2026\/04\/LOGO-Catedra-UNESCO-de-Patrimonio-Linguistico-Mundial_alta-1024x316.png 1024w, https:\/\/bihar.eus\/wp-content\/uploads\/2026\/04\/LOGO-Catedra-UNESCO-de-Patrimonio-Linguistico-Mundial_alta-300x92.png 300w\" sizes=\"auto, (max-width: 1024px) 100vw, 1024px\" \/><\/div><\/div><div class=\"w-image us_custom_2c3d336b align_none\"><div class=\"w-image-h\"><img decoding=\"async\" width=\"1024\" height=\"627\" src=\"https:\/\/bihar.eus\/wp-content\/uploads\/2026\/04\/Logo-simpletua-1024x627.png\" class=\"attachment-large size-large\" alt=\"\" loading=\"lazy\" srcset=\"https:\/\/bihar.eus\/wp-content\/uploads\/2026\/04\/Logo-simpletua-1024x627.png 1024w, https:\/\/bihar.eus\/wp-content\/uploads\/2026\/04\/Logo-simpletua-300x184.png 300w\" sizes=\"auto, (max-width: 1024px) 100vw, 1024px\" \/><\/div><\/div><\/div><div class=\"w-separator size_small\"><\/div><\/div><\/div><\/div><\/div><\/section>\n","protected":false},"excerpt":{"rendered":"Diagnostic Discours internationaux pour la revitalisation des langues En 2025, nous avons collect\u00e9 des discours sur les langues en voie de revitalisation \u00e0 travers le monde, en donnant la parole \u00e0 de nombreuses communaut\u00e9s linguistiques actives sur la sc\u00e8ne internationale \u2014 en particulier celles impliqu\u00e9es dans des processus de revitalisation de langues minor\u00e9es. Au total,...","protected":false},"author":1,"featured_media":0,"parent":0,"menu_order":0,"comment_status":"closed","ping_status":"closed","template":"","meta":{"_acf_changed":false,"om_disable_all_campaigns":false,"_monsterinsights_skip_tracking":false,"_monsterinsights_sitenote_active":false,"_monsterinsights_sitenote_note":"","_monsterinsights_sitenote_category":0,"footnotes":""},"class_list":["post-683","page","type-page","status-publish","hentry"],"acf":[],"aioseo_notices":[],"_links":{"self":[{"href":"https:\/\/bihar.eus\/fr\/wp-json\/wp\/v2\/pages\/683","targetHints":{"allow":["GET"]}}],"collection":[{"href":"https:\/\/bihar.eus\/fr\/wp-json\/wp\/v2\/pages"}],"about":[{"href":"https:\/\/bihar.eus\/fr\/wp-json\/wp\/v2\/types\/page"}],"author":[{"embeddable":true,"href":"https:\/\/bihar.eus\/fr\/wp-json\/wp\/v2\/users\/1"}],"replies":[{"embeddable":true,"href":"https:\/\/bihar.eus\/fr\/wp-json\/wp\/v2\/comments?post=683"}],"version-history":[{"count":5,"href":"https:\/\/bihar.eus\/fr\/wp-json\/wp\/v2\/pages\/683\/revisions"}],"predecessor-version":[{"id":1387,"href":"https:\/\/bihar.eus\/fr\/wp-json\/wp\/v2\/pages\/683\/revisions\/1387"}],"wp:attachment":[{"href":"https:\/\/bihar.eus\/fr\/wp-json\/wp\/v2\/media?parent=683"}],"curies":[{"name":"wp","href":"https:\/\/api.w.org\/{rel}","templated":true}]}}