{"id":660,"date":"2025-09-23T12:44:12","date_gmt":"2025-09-23T11:44:12","guid":{"rendered":"https:\/\/bihar.eus\/?page_id=660"},"modified":"2026-04-17T10:57:24","modified_gmt":"2026-04-17T09:57:24","slug":"hasiera","status":"publish","type":"page","link":"https:\/\/bihar.eus\/fr\/","title":{"rendered":"Hasiera"},"content":{"rendered":"<section class=\"l-section wpb_row height_auto width_full\"><div class=\"l-section-h i-cf\"><div class=\"g-cols vc_row via_grid cols_1 laptops-cols_inherit tablets-cols_inherit mobiles-cols_1 valign_top type_default stacking_default\"><div class=\"wpb_column vc_column_container us_custom_edb423b1\"><div class=\"vc_column-inner\"><div class=\"w-video hide_on_tablets hide_on_mobiles align_none ratio_21x9 has_iframe\"><div class=\"w-video-h\"><iframe title=\"Youtube video player\" src=\"\/\/www.youtube.com\/embed\/n-MbYXGvqYU?autoplay=1&controls=1&origin=https:\/\/bihar.eus\/fr\/&loop=0&mute=1\" allowfullscreen=\"1\" loading=\"lazy\"><\/iframe><\/div><\/div><div class=\"w-video hide_on_default hide_on_laptops align_none ratio_1x1 has_iframe\"><div class=\"w-video-h\"><iframe title=\"Youtube video player\" src=\"\/\/www.youtube.com\/embed\/n-MbYXGvqYU?autoplay=1&controls=1&origin=https:\/\/bihar.eus\/fr\/&loop=0&mute=1\" allowfullscreen=\"1\" loading=\"lazy\"><\/iframe><\/div><\/div><div class=\"w-btn-wrapper align_none\"><a class=\"w-btn us-btn-style_1 us_custom_b48575b8 icon_atright\" href=\"\/fr\/#faseak\"><span class=\"w-btn-label\">Passer la vid\u00e9o<\/span><i class=\"fas fa-arrow-down\"><\/i><\/a><\/div><div class=\"w-btn-wrapper align_none\"><a class=\"w-btn us-btn-style_1 us_custom_e27efa87 icon_atright\" href=\"\/fr\/kongresua\/\"><span class=\"w-btn-label\">A propos du congr\u00e8s<\/span><i class=\"fas fa-angle-right\"><\/i><\/a><\/div><\/div><\/div><\/div><\/div><\/section><section class=\"l-section wpb_row height_large\" id=\"faseak\"><div class=\"l-section-h i-cf\"><div class=\"g-cols vc_row via_grid cols_3 laptops-cols_inherit tablets-cols_inherit mobiles-cols_1 valign_top type_default stacking_default\"><div class=\"wpb_column vc_column_container\"><div class=\"vc_column-inner\"><div class=\"w-vwrapper us_custom_2226f60c align_none valign_top\" style=\"--vwrapper-gap:0.2rem\"><div class=\"w-separator size_small\"><\/div><div class=\"w-separator size_small\"><\/div><h3 class=\"w-text us_custom_b440d71f\"><span class=\"w-text-h\"><span class=\"w-text-value\">Diagnostic<\/span><\/span><\/h3><div class=\"w-separator size_small\"><\/div><div class=\"wpb_text_column us_custom_b440d71f\"><div class=\"wpb_wrapper\"><p><span>En 2025, nous avons collect\u00e9 les t\u00e9moignages relatifs \u00e0 la revitalisation linguistique \u00e0 travers le monde. Au total, les discours de 70 communaut\u00e9s ont \u00e9t\u00e9 analys\u00e9s \u00e0 travers le monde, selon une approche intersectionnelle.<br \/>\nR\u00e9sultat : un rapport<\/span> international pr\u00e9sentant des discours innovants et inspirants sur la lutte en faveur des langues.<\/p>\n<\/div><\/div><div class=\"w-separator size_small\"><\/div><div class=\"w-separator size_small\"><\/div><span class=\"w-text us_custom_e4afccbb has_text_color\"><span class=\"w-text-h\"><span class=\"w-text-value\">01<\/span><\/span><\/span><div class=\"w-hwrapper us_custom_58f3270d valign_middle align_right has-link\" style=\"--hwrapper-gap:0rem\"><div class=\"w-text us_custom_af7b24a8 has_text_color\"><span class=\"w-text-h\"><span class=\"w-text-value\">Voir la page<\/span><\/span><\/div><div class=\"w-image us_custom_a5e53327 has_height align_right\"><div class=\"w-image-h\"><img decoding=\"async\" width=\"101\" height=\"98\" src=\"https:\/\/bihar.eus\/wp-content\/uploads\/2026\/03\/Grupo-327.png\" class=\"attachment-large size-large\" alt=\"\" loading=\"lazy\" \/><\/div><\/div><a href=\"\/fr\/diagnostikoa\/\" class=\"w-hwrapper-link smooth-scroll\" aria-label=\"Lien\"><\/a><\/div><\/div><\/div><\/div><div class=\"wpb_column vc_column_container\"><div class=\"vc_column-inner\"><div class=\"w-vwrapper us_custom_2226f60c align_none valign_top\" style=\"--vwrapper-gap:0.2rem\"><div class=\"w-separator size_small\"><\/div><div class=\"w-separator size_small\"><\/div><h3 class=\"w-text\"><span class=\"w-text-h\"><span class=\"w-text-value\">Socialisation<\/span><\/span><\/h3><div class=\"w-separator size_small\"><\/div><div class=\"wpb_text_column\"><div class=\"wpb_wrapper\"><p>En 2026, les r\u00e9sultats du diagnostic ont \u00e9t\u00e9 partag\u00e9s avec de nombreux acteurs sociaux du Pays Basque dans le cadre d\u2019une vingtaine d\u2019ateliers. Un s\u00e9minaire commun viendra compl\u00e9ter ces sessions de travail.<br \/>\nR\u00e9sultat : relier le processus de revitalisation des langues \u00e0 d\u2019autres revendications sociales.<\/p>\n<\/div><\/div><div class=\"w-separator size_small\"><\/div><div class=\"w-separator size_small\"><\/div><span class=\"w-text us_custom_e4afccbb has_text_color\"><span class=\"w-text-h\"><span class=\"w-text-value\">02<\/span><\/span><\/span><div class=\"w-hwrapper us_custom_58f3270d valign_middle align_right has-link\" style=\"--hwrapper-gap:0rem\"><div class=\"w-text us_custom_af7b24a8 has_text_color\"><span class=\"w-text-h\"><span class=\"w-text-value\">Voir la page<\/span><\/span><\/div><div class=\"w-image us_custom_a5e53327 has_height align_right\"><div class=\"w-image-h\"><img decoding=\"async\" width=\"101\" height=\"98\" src=\"https:\/\/bihar.eus\/wp-content\/uploads\/2026\/03\/Grupo-327.png\" class=\"attachment-large size-large\" alt=\"\" loading=\"lazy\" \/><\/div><\/div><a href=\"\/fr\/sozializazioa\/\" class=\"w-hwrapper-link smooth-scroll\" aria-label=\"Lien\"><\/a><\/div><\/div><\/div><\/div><div class=\"wpb_column vc_column_container\"><div class=\"vc_column-inner\"><div class=\"w-vwrapper us_custom_2226f60c align_none valign_top\" style=\"--vwrapper-gap:0.2rem\"><div class=\"w-separator size_small\"><\/div><div class=\"w-separator size_small\"><\/div><h3 class=\"w-text\"><span class=\"w-text-h\"><span class=\"w-text-value\">Congr\u00e8s<\/span><\/span><\/h3><div class=\"w-separator size_small\"><\/div><div class=\"wpb_text_column\"><div class=\"wpb_wrapper\"><p><span>En septembre 2026, sur la base du diagnostic et du travail de socialisation, un congr\u00e8s international sera organis\u00e9. Pendant quatre jours, des experts, des activistes et des artistes du monde entier se r\u00e9uniront entre Bilbao, Irun et Hendaye.<br \/>\n<\/span>R\u00e9sultat : inscrire les discours sur la revitalisation des langues \u00e0 l\u2019\u00e9chelle mondiale, dans une perspective innovante et constructive.<\/p>\n<\/div><\/div><div class=\"w-separator size_small\"><\/div><span class=\"w-text us_custom_e4afccbb has_text_color\"><span class=\"w-text-h\"><span class=\"w-text-value\">03<\/span><\/span><\/span><div class=\"w-hwrapper us_custom_58f3270d valign_middle align_right has-link\" style=\"--hwrapper-gap:0rem\"><div class=\"w-text us_custom_af7b24a8 has_text_color\"><span class=\"w-text-h\"><span class=\"w-text-value\">Voir la page<\/span><\/span><\/div><div class=\"w-image us_custom_a5e53327 has_height align_right\"><div class=\"w-image-h\"><img decoding=\"async\" width=\"101\" height=\"98\" src=\"https:\/\/bihar.eus\/wp-content\/uploads\/2026\/03\/Grupo-327.png\" class=\"attachment-large size-large\" alt=\"\" loading=\"lazy\" \/><\/div><\/div><a href=\"\/fr\/kongresua\/\" class=\"w-hwrapper-link smooth-scroll\" aria-label=\"Lien\"><\/a><\/div><\/div><\/div><\/div><\/div><\/div><\/section><section class=\"l-section wpb_row us_custom_ae91f21c height_large\"><div class=\"l-section-h i-cf\"><div class=\"g-cols vc_row via_grid cols_2 laptops-cols_inherit tablets-cols_inherit mobiles-cols_1 valign_top type_default stacking_default\"><div class=\"wpb_column vc_column_container us_custom_364cb0cf\"><div class=\"vc_column-inner\"><div class=\"w-separator size_large\"><\/div><div class=\"wpb_text_column\"><div class=\"wpb_wrapper\"><h2>Un monde qui jaillit des langues<\/h2>\n<\/div><\/div><div class=\"w-separator size_medium\"><\/div><div class=\"w-hwrapper valign_middle align_none\"><div class=\"w-image align_none\"><div class=\"w-image-h\"><img decoding=\"async\" width=\"48\" height=\"47\" src=\"https:\/\/bihar.eus\/wp-content\/uploads\/2026\/03\/Grupo-330.png\" class=\"attachment-large size-large\" alt=\"\" loading=\"lazy\" \/><\/div><\/div><p class=\"w-text\"><span class=\"w-text-h\"><span class=\"w-text-value\">Du 23 au 26 septembre 2026<\/span><\/span><\/p><\/div><div class=\"w-separator size_custom\" style=\"height:.5rem\"><\/div><div class=\"w-hwrapper valign_middle align_none\"><div class=\"w-image align_none\"><div class=\"w-image-h\"><img decoding=\"async\" width=\"48\" height=\"46\" src=\"https:\/\/bihar.eus\/wp-content\/uploads\/2026\/03\/Grupo-329.png\" class=\"attachment-large size-large\" alt=\"\" loading=\"lazy\" \/><\/div><\/div><p class=\"w-text\"><span class=\"w-text-h\"><span class=\"w-text-value\">Bilbo, Irun, Hendaia<\/span><\/span><\/p><\/div><div class=\"w-separator size_large\"><\/div><\/div><\/div><div class=\"wpb_column vc_column_container us_custom_de410e39 has_bg_color\"><div class=\"vc_column-inner\"><div class=\"w-vwrapper us_custom_a890fc89 align_none valign_top\" style=\"--vwrapper-gap:0.5rem\"><h2 class=\"w-text us_custom_8b3d6790 has_text_color\"><span class=\"w-text-h\"><span class=\"w-text-value\">Tu souhaites venir au congr\u00e8s?<\/span><\/span><\/h2><div class=\"w-text us_custom_1570956d has_text_color\"><span class=\"w-text-h\"><span class=\"w-text-value\">Inscription \u00e0 partir du 11 mai 2026<\/span><\/span><\/div><\/div><\/div><\/div><\/div><\/div><\/section><section class=\"l-section wpb_row height_small\"><div class=\"l-section-h i-cf\"><div class=\"g-cols vc_row via_grid cols_1 laptops-cols_inherit tablets-cols_inherit mobiles-cols_1 valign_top type_default stacking_default\"><div class=\"wpb_column vc_column_container\"><div class=\"vc_column-inner\"><\/div><\/div><\/div><\/div><\/section><section class=\"l-section wpb_row us_custom_de3ce8e8 height_large\"><div class=\"l-section-h i-cf\"><div class=\"g-cols vc_row via_grid cols_2 laptops-cols_inherit tablets-cols_inherit mobiles-cols_1 valign_middle type_default stacking_default\" style=\"--columns-gap:1.9rem;\"><div class=\"wpb_column vc_column_container us_custom_057801f8 has_bg_color\"><div class=\"vc_column-inner\"><div class=\"w-separator size_large\"><\/div><div class=\"w-separator size_small\"><\/div><div class=\"w-vwrapper us_custom_98ef1d82 align_none valign_middle\"><div class=\"wpb_text_column\"><div class=\"wpb_wrapper\"><h2><span><strong>Qu\u2019est-ce que BIHAR ?<\/strong><\/span><\/h2>\n<\/div><\/div><div class=\"wpb_text_column us_custom_b440d71f\"><div class=\"wpb_wrapper\"><p><span>Bihar (demain, en basque) est un projet d\u00e9di\u00e9 aux r\u00e9cits et discours sur la revitalisation des langues \u00e0 travers le monde. Le processus se d\u00e9roule en 3 phases distinctes: <\/span><\/p>\n<ul>\n<li><span>un diagnostic \u00e0 l\u2019\u00e9chelle mondiale, <\/span><\/li>\n<li><span>une phase de socialisation \u00e0 l\u2019\u00e9chelle du Pays Basq<\/span>ue,<\/li>\n<li><span>un congr\u00e8s international.<\/span><\/li>\n<\/ul>\n<\/div><\/div><div class=\"w-separator size_small\"><\/div><div class=\"w-btn-wrapper align_none\"><a class=\"w-btn us-btn-style_3 icon_atright\" href=\"\/fr\/guri-buruz\/\"><span class=\"w-btn-label\">\u00c0 propos de nous<\/span><i class=\"fas fa-angle-right\"><\/i><\/a><\/div><\/div><div class=\"w-separator size_large\"><\/div><\/div><\/div><div class=\"wpb_column vc_column_container us_custom_057801f8 has_bg_color\"><div class=\"vc_column-inner\"><div class=\"w-image align_none\"><div class=\"w-image-h\"><img decoding=\"async\" width=\"800\" height=\"450\" src=\"https:\/\/bihar.eus\/wp-content\/uploads\/2026\/03\/bihar-animazioa-2_1.gif\" class=\"attachment-large size-large\" alt=\"\" loading=\"lazy\" \/><\/div><\/div><\/div><\/div><\/div><\/div><\/section>\n","protected":false},"excerpt":{"rendered":"Passer la vid\u00e9oA propos du congr\u00e8sDiagnosticEn 2025, nous avons collect\u00e9 les t\u00e9moignages relatifs \u00e0 la revitalisation linguistique \u00e0 travers le monde. Au total, les discours de 70 communaut\u00e9s ont \u00e9t\u00e9 analys\u00e9s \u00e0 travers le monde, selon une approche intersectionnelle. R\u00e9sultat : un rapport international pr\u00e9sentant des discours innovants et inspirants sur la lutte en faveur...","protected":false},"author":1,"featured_media":0,"parent":0,"menu_order":0,"comment_status":"closed","ping_status":"closed","template":"","meta":{"_acf_changed":false,"om_disable_all_campaigns":false,"_monsterinsights_skip_tracking":false,"_monsterinsights_sitenote_active":false,"_monsterinsights_sitenote_note":"","_monsterinsights_sitenote_category":0,"footnotes":""},"class_list":["post-660","page","type-page","status-publish","hentry"],"acf":[],"aioseo_notices":[],"_links":{"self":[{"href":"https:\/\/bihar.eus\/fr\/wp-json\/wp\/v2\/pages\/660","targetHints":{"allow":["GET"]}}],"collection":[{"href":"https:\/\/bihar.eus\/fr\/wp-json\/wp\/v2\/pages"}],"about":[{"href":"https:\/\/bihar.eus\/fr\/wp-json\/wp\/v2\/types\/page"}],"author":[{"embeddable":true,"href":"https:\/\/bihar.eus\/fr\/wp-json\/wp\/v2\/users\/1"}],"replies":[{"embeddable":true,"href":"https:\/\/bihar.eus\/fr\/wp-json\/wp\/v2\/comments?post=660"}],"version-history":[{"count":7,"href":"https:\/\/bihar.eus\/fr\/wp-json\/wp\/v2\/pages\/660\/revisions"}],"predecessor-version":[{"id":1448,"href":"https:\/\/bihar.eus\/fr\/wp-json\/wp\/v2\/pages\/660\/revisions\/1448"}],"wp:attachment":[{"href":"https:\/\/bihar.eus\/fr\/wp-json\/wp\/v2\/media?parent=660"}],"curies":[{"name":"wp","href":"https:\/\/api.w.org\/{rel}","templated":true}]}}