{"id":1179,"date":"2026-04-13T12:43:41","date_gmt":"2026-04-13T11:43:41","guid":{"rendered":"https:\/\/bihar.eus\/?page_id=1179"},"modified":"2026-04-13T15:25:33","modified_gmt":"2026-04-13T14:25:33","slug":"politique-de-cookies","status":"publish","type":"page","link":"https:\/\/bihar.eus\/fr\/politique-de-cookies\/","title":{"rendered":"Politique de cookies"},"content":{"rendered":"<h1>Politique de cookies<\/h1>\n<p>Avec l&rsquo;adoption de la Loi 34\/2002, du 11 juillet, des Services du Commerce \u00c9lectronique et de la Soci\u00e9t\u00e9 de l&rsquo;Information, nous vous informons que ce site utilise des cookies.<\/p>\n<p>Que sont les cookies ?<\/p>\n<p>Les cookies sont des fichiers stock\u00e9s sur notre appareil (ordinateur, smartphone, t\u00e9l\u00e9vision, tablette&#8230;) lors de la visite de certains sites Web. Leur mission est de permettre aux sites Web de stocker les informations du visiteur, telles que les habitudes de navigation, d&rsquo;autres param\u00e8tres et, dans certains cas, leur identit\u00e9.<\/p>\n<p>Le navigateur du visiteur stocke les cookies sur le disque dur uniquement pendant la dur\u00e9e de la session. Ils occupent tr\u00e8s peu et n&rsquo;endommagent pas l&rsquo;ordinateur du visiteur. Les cookies ne contiennent aucune information personnelle sp\u00e9cifique et la plupart sont supprim\u00e9s du disque dur lorsque la session du navigateur est ferm\u00e9e.<\/p>\n<p>La plupart des navigateurs acceptent les cookies comme standard et acceptent ou rejettent les cookies temporels et m\u00e9moris\u00e9s par des param\u00e8tres de s\u00e9curit\u00e9.<\/p>\n<p>Types de cookies<\/p>\n<p>Selon l&rsquo;organisme de gestion des cookies :<\/p>\n<p>Cookies propres : ils sont envoy\u00e9s \u00e0 l&rsquo;\u00e9quipement terminal de l&rsquo;utilisateur, g\u00e9r\u00e9 par l&rsquo;\u00e9diteur lui-m\u00eame et utilis\u00e9 par l&rsquo;utilisateur pour fournir le service demand\u00e9.<br \/>\nCookies tiers : ces cookies sont envoy\u00e9s au terminal de l&rsquo;utilisateur \u00e0 partir d&rsquo;un ordinateur g\u00e9r\u00e9 par un autre que l&rsquo;\u00e9diteur. Le gestionnaire d&rsquo;\u00e9quipement est \u00e9galement responsable du traitement des donn\u00e9es obtenues \u00e0 l&rsquo;aide de cookies.<\/p>\n<p>Cela d\u00e9pend du temps qu&rsquo;ils restent activ\u00e9s :<\/p>\n<p>Cookies de session : ce type de cookies est con\u00e7u pour recevoir et stocker les donn\u00e9es au moment o\u00f9 l&rsquo;utilisateur acc\u00e8de \u00e0 un site Web.<br \/>\nCookies permanents : les donn\u00e9es collect\u00e9es par ces cookies sont stock\u00e9es dans le terminal pendant une p\u00e9riode que le responsable du cookie peut obtenir et traiter.<\/p>\n<p>Selon le but :<\/p>\n<p>Cookies techniques : ces cookies permettent \u00e0 l&rsquo;utilisateur de naviguer sur le site Web, la plateforme ou l&rsquo;application et d&rsquo;utiliser les possibilit\u00e9s et services offerts par le site Web. Par exemple, le contr\u00f4le du trafic et de la communication de donn\u00e9es, l&rsquo;identification de la session, l&rsquo;acc\u00e8s \u00e0 des sites \u00e0 acc\u00e8s restreint, le rappel des \u00e9l\u00e9ments d&rsquo;une commande, la demande d&rsquo;inscription ou de participation \u00e0 un \u00e9v\u00e9nement, l&rsquo;utilisation d&rsquo;\u00e9l\u00e9ments de s\u00e9curit\u00e9 pendant la navigation, le stockage de contenus vid\u00e9o ou sonores ou le partage de contenus sur les r\u00e9seaux sociaux.<br \/>\nCookies de personnalisation : ces cookies permettent \u00e0 l&rsquo;utilisateur d&rsquo;acc\u00e9der au service avec un certain nombre de fonctionnalit\u00e9s pr\u00e9d\u00e9finies ou d\u00e9finies par l&rsquo;utilisateur lui-m\u00eame sur son ordinateur terminal. Par exemple, la langue, le type de navigateur qu&rsquo;il utilise pour acc\u00e9der au service, la conception du contenu choisi, la g\u00e9olocalisation du terminal et la configuration de la r\u00e9gion d&rsquo;acc\u00e8s au service, etc.<br \/>\nCookies d&rsquo;analyse : ces cookies permettent de suivre et d&rsquo;analyser le comportement des utilisateurs sur les sites Web. Les informations recueillies \u00e0 partir de ce type de cookies sont utilis\u00e9es pour mesurer l&rsquo;activit\u00e9 des sites Web, de l&rsquo;application ou de la plateforme, ainsi que pour \u00e9tablir des profils de navigation des utilisateurs de ces sites Web afin d&rsquo;am\u00e9liorer le service en fonction de l&rsquo;utilisation du service par les utilisateurs.<br \/>\nCookies publicitaires : ces cookies permettent de g\u00e9rer efficacement les espaces publicitaires int\u00e9gr\u00e9s au site Web ou \u00e0 l&rsquo;application pour la prestation du service, sur la base de crit\u00e8res tels que le contenu \u00e9dit\u00e9 ou la fr\u00e9quence d&rsquo;affichage des annonces.<br \/>\nCookies publicitaires comportementaux : ils permettent une gestion efficace des espaces publicitaires int\u00e9gr\u00e9s au site Web ou \u00e0 l&rsquo;application de prestation du service. Ces cookies, gr\u00e2ce \u00e0 l&rsquo;observation, stockent des informations sur le comportement de l&rsquo;utilisateur afin de d\u00e9velopper ensuite un profil sp\u00e9cifique de l&rsquo;utilisateur et d&rsquo;afficher de la publicit\u00e9 en fonction de ce profil.<\/p>\n<p>Quels cookies stockent ce site ?<\/p>\n<p>Suivant les lignes directrices de l&rsquo;Agence Espagnole de Protection des Donn\u00e9es, les cookies utilis\u00e9s par ce site sont \u00e9num\u00e9r\u00e9s ci-dessous :<\/p>\n<p>Cookies d&rsquo;analyse : ces cookies permettent de suivre et d&rsquo;analyser le comportement des utilisateurs sur les sites Web. Les informations recueillies \u00e0 partir de ce type de cookies sont utilis\u00e9es pour mesurer l&rsquo;activit\u00e9 des sites Web, de l&rsquo;application ou de la plateforme, ainsi que pour \u00e9tablir des profils de navigation des utilisateurs de ces sites Web afin d&rsquo;am\u00e9liorer le service en fonction de l&rsquo;utilisation du service par les utilisateurs.<br \/>\nCookies tiers : ces cookies sont envoy\u00e9s au terminal de l&rsquo;utilisateur \u00e0 partir d&rsquo;un ordinateur g\u00e9r\u00e9 par un autre que l&rsquo;\u00e9diteur. Le gestionnaire d&rsquo;\u00e9quipement est \u00e9galement responsable du traitement des donn\u00e9es obtenues \u00e0 l&rsquo;aide de cookies. Les cookies install\u00e9s pour Google Analytics en sont un exemple. Dans notre cas, nous utilisons les cookies Google Analytics, Twitter et Facebook. Nous ne pouvons pas contr\u00f4ler le r\u00e9glage des cookies tiers, il est donc recommand\u00e9 de v\u00e9rifier les sites Web de ces cookies afin d&rsquo;avoir plus d&rsquo;informations sur leurs cookies et de savoir comment les g\u00e9rer.<\/p>\n<p>Liste des cookies utilis\u00e9s :<\/p>\n<p>Type de cookie Objectif<br \/>\n_utmc Google Analytics Pour mesurer statistiquement l&rsquo;utilisation du site Web<br \/>\n_utma Google Analytics Pour mesurer statistiquement l&rsquo;utilisation du site Web<br \/>\n_utmb Google Analytics Pour mesurer statistiquement l&rsquo;utilisation du site Web<br \/>\n_utmz Google Analytics Pour mesurer statistiquement l&rsquo;utilisation du site Web<\/p>\n<p>Configuration et d\u00e9sactivation des cookies<\/p>\n<p>Nous vous informons que le navigateur peut \u00eatre configur\u00e9 pour refuser ou accepter les cookies ou les supprimer apr\u00e8s la fermeture du navigateur, de l&rsquo;\u00e9quipement ou de l&rsquo;appareil.<\/p>\n<p>Dans les principaux navigateurs, les cookies sont configur\u00e9s comme suit :<\/p>\n<p>Google Chrome&gt;Configuration&gt;Afficher les options avanc\u00e9es &gt;Confidentialit\u00e9 &gt;Configuration du contenu &gt;Cookies.<br \/>\nFirefox&gt;Outils &gt;S\u00e9lections &gt;Confidentialit\u00e9 &gt;Historique &gt;Configuration personnalis\u00e9e.<br \/>\nInternet Explorer&gt;Outils &gt;S\u00e9lection Internet &gt;Confidentialit\u00e9 &gt;Avanc\u00e9.<br \/>\nSafari&gt;Pr\u00e9f\u00e9rences &gt; Confidentialit\u00e9.<\/p>\n<p>En outre, il faut garder \u00e0 l&rsquo;esprit que si le contenu du portail est partag\u00e9 avec des amis via les r\u00e9seaux sociaux (Facebook et Twitter), les cookies de ces sites peuvent \u00e9galement \u00eatre collect\u00e9s. Nous ne pouvons pas contr\u00f4ler les param\u00e8tres des cookies tiers, il est donc recommand\u00e9 de v\u00e9rifier les sites Web de ces cookies afin d&rsquo;avoir plus d&rsquo;informations sur leurs cookies et de savoir comment les g\u00e9rer.<\/p>\n<p>Mise \u00e0 jour et modifications de la politique de cookies\/confidentialit\u00e9<\/p>\n<p>La politique de cookies de ce site Web peut \u00eatre modifi\u00e9e dans le respect des obligations l\u00e9gales et r\u00e9glementaires et conform\u00e9ment aux mandats de l&rsquo;Agence espagnole de protection des donn\u00e9es. C&rsquo;est pourquoi nous recommandons de lire la politique de temps en temps.<\/p>\n<p>En cas de modifications significatives, les utilisateurs seront inform\u00e9s sur le site.<\/p>\n","protected":false},"excerpt":{"rendered":"<p>Politique de cookies Avec l&rsquo;adoption de la Loi 34\/2002, du 11 juillet, des Services du Commerce \u00c9lectronique et de la Soci\u00e9t\u00e9 de l&rsquo;Information, nous vous informons que ce site utilise des cookies. Que sont les cookies ? Les cookies sont des fichiers stock\u00e9s sur notre appareil (ordinateur, smartphone, t\u00e9l\u00e9vision, tablette&#8230;) lors de la visite de&#8230;<\/p>\n","protected":false},"author":1,"featured_media":0,"parent":0,"menu_order":0,"comment_status":"closed","ping_status":"closed","template":"","meta":{"_acf_changed":false,"om_disable_all_campaigns":false,"_monsterinsights_skip_tracking":false,"_monsterinsights_sitenote_active":false,"_monsterinsights_sitenote_note":"","_monsterinsights_sitenote_category":0,"footnotes":""},"class_list":["post-1179","page","type-page","status-publish","hentry"],"acf":[],"aioseo_notices":[],"_links":{"self":[{"href":"https:\/\/bihar.eus\/fr\/wp-json\/wp\/v2\/pages\/1179","targetHints":{"allow":["GET"]}}],"collection":[{"href":"https:\/\/bihar.eus\/fr\/wp-json\/wp\/v2\/pages"}],"about":[{"href":"https:\/\/bihar.eus\/fr\/wp-json\/wp\/v2\/types\/page"}],"author":[{"embeddable":true,"href":"https:\/\/bihar.eus\/fr\/wp-json\/wp\/v2\/users\/1"}],"replies":[{"embeddable":true,"href":"https:\/\/bihar.eus\/fr\/wp-json\/wp\/v2\/comments?post=1179"}],"version-history":[{"count":1,"href":"https:\/\/bihar.eus\/fr\/wp-json\/wp\/v2\/pages\/1179\/revisions"}],"predecessor-version":[{"id":1180,"href":"https:\/\/bihar.eus\/fr\/wp-json\/wp\/v2\/pages\/1179\/revisions\/1180"}],"wp:attachment":[{"href":"https:\/\/bihar.eus\/fr\/wp-json\/wp\/v2\/media?parent=1179"}],"curies":[{"name":"wp","href":"https:\/\/api.w.org\/{rel}","templated":true}]}}