{"id":1176,"date":"2026-02-18T12:12:48","date_gmt":"2026-02-18T11:12:48","guid":{"rendered":"https:\/\/bihar.eus\/?page_id=1176"},"modified":"2026-04-14T12:54:58","modified_gmt":"2026-04-14T11:54:58","slug":"politica-de-privacidad","status":"publish","type":"page","link":"https:\/\/bihar.eus\/fr\/politica-de-privacidad\/","title":{"rendered":"Pol\u00edtica de privacidad"},"content":{"rendered":"<h1>POLITIQUE DE CONFIDENTIALIT\u00c9<\/h1>\n<p>La politique du Gouvernement de l&rsquo;\u00c9tat, dans le Gouvernement de l&rsquo;\u00c9tat, dans le Gouvernement de l&rsquo;\u00c9tat, dans le Gouvernement du Pays basque, dans le Gouvernement du Pays basque, dans le Gouvernement de l&rsquo;\u00c9tat.<\/p>\n<p>Qui est responsable du traitement de vos donn\u00e9es personnelles ?<\/p>\n<p>NOM DE L&rsquo;INSTITUTION : Association Culturelle Garabide<\/p>\n<p>NIF : G20890315<\/p>\n<p>Adresse : Larrin Plaza, 1, 20550 Aretxabaleta, Gipuzkoa<\/p>\n<p>T\u00e9l\u00e9phone : 943 25 03 97<br \/>\nCourriel garabide@garabide.eus<\/p>\n<p>Dans quel but recevons-nous vos donn\u00e9es ?<\/p>\n<p>Garabide utilisera ces donn\u00e9es pour envoyer des informations sur l&rsquo;\u00e9v\u00e9nement<\/p>\n<p>Combien de temps les donn\u00e9es seront-elles conserv\u00e9es ?<\/p>\n<p>Ces donn\u00e9es de ses donn\u00e9es qui ne sont pas consign\u00e9es dans la base de donn\u00e9es d&rsquo;el Garabide seront conserv\u00e9es dans un fichier.<\/p>\n<p>Qu&rsquo;est-ce qui nous l\u00e9gitime \u00e0 utiliser vos donn\u00e9es ?<\/p>\n<p>La base juridique du traitement des donn\u00e9es collect\u00e9es via le site Web de Garabide www.bihar.eus est la suivante :<\/p>\n<p>a. Le consentement expr\u00e8s que vous nous avez donn\u00e9 lors de votre inscription au www.bihar.eus.<br \/>\n\u00c0 qui avez-vous laiss\u00e9 vos donn\u00e9es ?<\/p>\n<p>C&rsquo;est ce que n&rsquo;a pas dit Garabide.<\/p>\n<p>Quels sont vos droits lorsque vous nous fournissez vos donn\u00e9es personnelles ?<\/p>\n<p>El d\u00eda al d\u00eda de la Estado de la Gobierno :<\/p>\n<p>Droit d&rsquo;acc\u00e8s : Les donn\u00e9es fournies par le donneur de donn\u00e9es \u00e0 Garabide peuvent \u00eatre demand\u00e9es pour confirmer si le traitement des donn\u00e9es personnelles incendi\u00e9es est en cours.<\/p>\n<p>Droit en droit : le se\u00f1or Norma de la Diputaci\u00f3n de la Diputaci\u00f3n de la Diputaci\u00f3n Diputaci\u00f3n de la Diputaci\u00f3n Diputaci\u00f3n de la Diputaci\u00f3n Diputaci\u00f3n de la Diputaci\u00f3n Diputaci\u00f3n de Gipuzkoa.<\/p>\n<p>Droit de suppression : Les donneurs de donn\u00e9es peuvent demander \u00e0 Garabide de supprimer les donn\u00e9es personnelles incendiaires, entre autres.<\/p>\n<p>Droit d&rsquo;opposition : le donneur de donn\u00e9es peut s&rsquo;opposer au traitement de ses donn\u00e9es personnelles \u00e0 Garabide. Dans ce cas, il n&rsquo;y a que Garabide pour porter plainte ou s&rsquo;en prot\u00e9ger.<\/p>\n<p>Droit de limiter le traitement : Le donneur de donn\u00e9es peut demander \u00e0 Garabide de ne pas utiliser ses donn\u00e9es personnelles \u00e0 des fins sp\u00e9cifiques. Dans ce cas, il n&rsquo;y a que Garabide pour porter plainte ou s&rsquo;en prot\u00e9ger.<\/p>\n<p>Droit de transfert : Le donneur de donn\u00e9es peut \u00eatre tenu de fournir ses donn\u00e9es \u00e0 Garabide dans un format structur\u00e9 et facilement accessible. On aurait pu aussi demander \u00e0 un autre responsable.<\/p>\n<p>Le droit de l&rsquo;autorisation : Pour le droit de l&rsquo;autorisation : Pour le m\u00eame droit, si c&rsquo;est plus, c&rsquo;est un droit de l&rsquo;autorisation.<\/p>\n<p>Droit des r\u00e9clamations : Les donneurs de donn\u00e9es ont droit \u00e0 une r\u00e9clamation aupr\u00e8s de l&rsquo;Agence espagnole de protection des donn\u00e9es pour la proposition de leurs droits qui ne semble pas de bonne foi. Cela peut se faire par voie t\u00e9l\u00e9matique via le si\u00e8ge \u00e9lectronique (www.agpd.es) ou par courrier postal (rue Jorge Juan, 6, 28001-Madrid).<\/p>\n<p>En fin de compte, vous pouvez vous adresser \u00e0 l&rsquo;adresse postale ou \u00e9lectronique de se\u00f1or Diputaci\u00f3n Garabide en fournissant une copie de votre carte d&rsquo;identit\u00e9 afin de v\u00e9rifier votre identit\u00e9.<\/p>\n","protected":false},"excerpt":{"rendered":"<p>POLITIQUE DE CONFIDENTIALIT\u00c9 La politique du Gouvernement de l&rsquo;\u00c9tat, dans le Gouvernement de l&rsquo;\u00c9tat, dans le Gouvernement de l&rsquo;\u00c9tat, dans le Gouvernement du Pays basque, dans le Gouvernement du Pays basque, dans le Gouvernement de l&rsquo;\u00c9tat. Qui est responsable du traitement de vos donn\u00e9es personnelles ? NOM DE L&rsquo;INSTITUTION : Association Culturelle Garabide NIF :&#8230;<\/p>\n","protected":false},"author":1,"featured_media":0,"parent":0,"menu_order":0,"comment_status":"closed","ping_status":"open","template":"","meta":{"_acf_changed":false,"om_disable_all_campaigns":false,"_monsterinsights_skip_tracking":false,"_monsterinsights_sitenote_active":false,"_monsterinsights_sitenote_note":"","_monsterinsights_sitenote_category":0,"footnotes":""},"class_list":["post-1176","page","type-page","status-publish","hentry"],"acf":[],"aioseo_notices":[],"_links":{"self":[{"href":"https:\/\/bihar.eus\/fr\/wp-json\/wp\/v2\/pages\/1176","targetHints":{"allow":["GET"]}}],"collection":[{"href":"https:\/\/bihar.eus\/fr\/wp-json\/wp\/v2\/pages"}],"about":[{"href":"https:\/\/bihar.eus\/fr\/wp-json\/wp\/v2\/types\/page"}],"author":[{"embeddable":true,"href":"https:\/\/bihar.eus\/fr\/wp-json\/wp\/v2\/users\/1"}],"replies":[{"embeddable":true,"href":"https:\/\/bihar.eus\/fr\/wp-json\/wp\/v2\/comments?post=1176"}],"version-history":[{"count":3,"href":"https:\/\/bihar.eus\/fr\/wp-json\/wp\/v2\/pages\/1176\/revisions"}],"predecessor-version":[{"id":1370,"href":"https:\/\/bihar.eus\/fr\/wp-json\/wp\/v2\/pages\/1176\/revisions\/1370"}],"wp:attachment":[{"href":"https:\/\/bihar.eus\/fr\/wp-json\/wp\/v2\/media?parent=1176"}],"curies":[{"name":"wp","href":"https:\/\/api.w.org\/{rel}","templated":true}]}}