{"id":816,"date":"2026-03-23T12:26:53","date_gmt":"2026-03-23T11:26:53","guid":{"rendered":"https:\/\/bihar.eus\/?page_id=816"},"modified":"2026-04-16T13:54:48","modified_gmt":"2026-04-16T12:54:48","slug":"guri-buruz","status":"publish","type":"page","link":"https:\/\/bihar.eus\/es\/guri-buruz\/","title":{"rendered":"\u00bfQUI\u00c9NES SOMOS?"},"content":{"rendered":"<section class=\"l-section wpb_row height_small\"><div class=\"l-section-h i-cf\"><div class=\"g-cols vc_row via_grid cols_1 laptops-cols_inherit tablets-cols_inherit mobiles-cols_1 valign_top type_default stacking_default\"><div class=\"wpb_column vc_column_container\"><div class=\"vc_column-inner\"><h1 class=\"w-text\"><span class=\"w-text-h\"><span class=\"w-text-value\">\u00bfQUI\u00c9NES SOMOS?<\/span><\/span><\/h1><div class=\"g-cols wpb_row via_grid cols_2 laptops-cols_inherit tablets-cols_inherit mobiles-cols_1 valign_top type_default stacking_default\" style=\"--columns-gap:4rem;\"><div class=\"wpb_column vc_column_container\"><div class=\"vc_column-inner\"><div class=\"wpb_text_column\"><div class=\"wpb_wrapper\"><h2>\u00bfQu\u00e9 es BIHAR?<\/h2>\n<p><span>BIHAR es un proyecto que pone en el centro las <\/span><strong>narrativas o discursos<\/strong> sobre la revitalizaci\u00f3n de las lenguas. El proceso consta de tres fases principales:<br \/>\n<span>\u00a0<\/span><\/p>\n<\/div><\/div><\/div><\/div><div class=\"wpb_column vc_column_container\"><div class=\"vc_column-inner\"><\/div><\/div><\/div><div class=\"w-separator size_small\"><\/div><\/div><\/div><\/div><\/div><\/section><section class=\"l-section wpb_row height_large\" id=\"fases\"><div class=\"l-section-h i-cf\"><div class=\"g-cols vc_row via_grid cols_3 laptops-cols_inherit tablets-cols_inherit mobiles-cols_1 valign_top type_default stacking_default\"><div class=\"wpb_column vc_column_container\"><div class=\"vc_column-inner\"><div class=\"w-vwrapper us_custom_2226f60c align_none valign_top\" style=\"--vwrapper-gap:0.2rem\"><div class=\"w-separator size_small\"><\/div><div class=\"w-separator size_small\"><\/div><h3 class=\"w-text us_custom_b440d71f\"><span class=\"w-text-h\"><span class=\"w-text-value\">Diagn\u00f3stico<\/span><\/span><\/h3><div class=\"w-separator size_small\"><\/div><div class=\"wpb_text_column us_custom_b440d71f\"><div class=\"wpb_wrapper\"><p>En 2025, hemos recopilado discursos de comunidades de todo el mundo que est\u00e1n revitalizando sus lenguas. En concreto, hemos analizado elementos narrativos de 70 comunidades ling\u00fc\u00edsticas, tomando la interseccionalidad como eje central. El resultado de este trabajo es un diagn\u00f3stico que identifica discursos internacionales para la revitalizaci\u00f3n ling\u00fc\u00edstica.<\/p>\n<\/div><\/div><div class=\"w-separator size_small\"><\/div><div class=\"w-separator size_small\"><\/div><span class=\"w-text us_custom_e4afccbb has_text_color\"><span class=\"w-text-h\"><span class=\"w-text-value\">01<\/span><\/span><\/span><div class=\"w-hwrapper us_custom_58f3270d valign_middle align_right has-link\" style=\"--hwrapper-gap:0rem\"><div class=\"w-text us_custom_af7b24a8 has_text_color\"><span class=\"w-text-h\"><span class=\"w-text-value\">Ver la p\u00e1gina<\/span><\/span><\/div><div class=\"w-image us_custom_a5e53327 has_height align_right\"><div class=\"w-image-h\"><img decoding=\"async\" width=\"101\" height=\"98\" src=\"https:\/\/bihar.eus\/wp-content\/uploads\/2026\/03\/Grupo-327.png\" class=\"attachment-large size-large\" alt=\"\" loading=\"lazy\" \/><\/div><\/div><a href=\"\/es\/diagnostikoa\/\" class=\"w-hwrapper-link smooth-scroll\" aria-label=\"Enlace\"><\/a><\/div><\/div><\/div><\/div><div class=\"wpb_column vc_column_container\"><div class=\"vc_column-inner\"><div class=\"w-vwrapper us_custom_2226f60c align_none valign_top\" style=\"--vwrapper-gap:0.2rem\"><div class=\"w-separator size_small\"><\/div><div class=\"w-separator size_small\"><\/div><h3 class=\"w-text\"><span class=\"w-text-h\"><span class=\"w-text-value\">Socializaci\u00f3n<\/span><\/span><\/h3><div class=\"w-separator size_small\"><\/div><div class=\"wpb_text_column\"><div class=\"wpb_wrapper\"><p><span>Los resultado<\/span>s del diagn\u00f3stico se compartir\u00e1n en la primavera de 2026 con agentes que trabajan a favor de la lengua vasca as\u00ed como con agentes implicados en otros movimientos sociales del Pa\u00eds Vasco. En total, se han organizado veinte sesiones de trabajo en todo el territorio, en las que participar\u00e1n m\u00e1s de 100 agentes. Para culminar estas sesiones, se celebrar\u00e1 un seminario conjunto. El reto de este proceso es vincular el proceso de revitalizaci\u00f3n ling\u00fc\u00edstica con otras reivindicaciones sociales.<\/p>\n<\/div><\/div><div class=\"w-separator size_small\"><\/div><div class=\"w-separator size_small\"><\/div><span class=\"w-text us_custom_e4afccbb has_text_color\"><span class=\"w-text-h\"><span class=\"w-text-value\">02<\/span><\/span><\/span><div class=\"w-hwrapper us_custom_58f3270d valign_middle align_right has-link\" style=\"--hwrapper-gap:0rem\"><div class=\"w-text us_custom_af7b24a8 has_text_color\"><span class=\"w-text-h\"><span class=\"w-text-value\">Ver la p\u00e1gina<\/span><\/span><\/div><div class=\"w-image us_custom_a5e53327 has_height align_right\"><div class=\"w-image-h\"><img decoding=\"async\" width=\"101\" height=\"98\" src=\"https:\/\/bihar.eus\/wp-content\/uploads\/2026\/03\/Grupo-327.png\" class=\"attachment-large size-large\" alt=\"\" loading=\"lazy\" \/><\/div><\/div><a href=\"\/es\/sozializazioa\/\" class=\"w-hwrapper-link smooth-scroll\" aria-label=\"Enlace\"><\/a><\/div><\/div><\/div><\/div><div class=\"wpb_column vc_column_container\"><div class=\"vc_column-inner\"><div class=\"w-vwrapper us_custom_2226f60c align_none valign_top\" style=\"--vwrapper-gap:0.2rem\"><div class=\"w-separator size_small\"><\/div><div class=\"w-separator size_small\"><\/div><h3 class=\"w-text\"><span class=\"w-text-h\"><span class=\"w-text-value\">Congreso<\/span><\/span><\/h3><div class=\"w-separator size_small\"><\/div><div class=\"wpb_text_column\"><div class=\"wpb_wrapper\"><p><span>En septiembre de 2026, y bas\u00e1ndose en el diagn\u00f3stico y en el proceso de socializaci\u00f3n, se organizar\u00e1 el Congreso Internacional BIHAR. Durante cuatro d\u00edas, expertas y expertos, activistas y artistas de todo el mundo se reunir\u00e1n entre Bilbao, Ir<\/span>un y Hendaya. El resultado de este eje es situar los discursos sobre la revitalizaci\u00f3n ling\u00fc\u00edstica en un marco global y transformador.<\/p>\n<\/div><\/div><div class=\"w-separator size_small\"><\/div><span class=\"w-text us_custom_e4afccbb has_text_color\"><span class=\"w-text-h\"><span class=\"w-text-value\">03<\/span><\/span><\/span><div class=\"w-hwrapper us_custom_58f3270d valign_middle align_right has-link\" style=\"--hwrapper-gap:0rem\"><div class=\"w-text us_custom_af7b24a8 has_text_color\"><span class=\"w-text-h\"><span class=\"w-text-value\">Ver la p\u00e1gina<\/span><\/span><\/div><div class=\"w-image us_custom_a5e53327 has_height align_right\"><div class=\"w-image-h\"><img decoding=\"async\" width=\"101\" height=\"98\" src=\"https:\/\/bihar.eus\/wp-content\/uploads\/2026\/03\/Grupo-327.png\" class=\"attachment-large size-large\" alt=\"\" loading=\"lazy\" \/><\/div><\/div><a href=\"\/es\/kongresua\/\" class=\"w-hwrapper-link smooth-scroll\" aria-label=\"Enlace\"><\/a><\/div><\/div><\/div><\/div><\/div><\/div><\/section><section class=\"l-section wpb_row us_custom_ad58e313 height_small\"><div class=\"l-section-h i-cf\"><div class=\"g-cols vc_row via_grid cols_1 laptops-cols_inherit tablets-cols_inherit mobiles-cols_1 valign_top type_default stacking_default\"><div class=\"wpb_column vc_column_container\"><div class=\"vc_column-inner\"><div class=\"w-vwrapper us_custom_aae094e7 align_none valign_top\"><h2 class=\"w-text\"><span class=\"w-text-h\"><span class=\"w-text-value\">\u00bfQui\u00e9nes formamos el proyecto BIHAR?<\/span><\/span><\/h2><div class=\"wpb_text_column us_custom_0984fb55\"><div class=\"wpb_wrapper\"><p>El proyecto ha sido definido e impulsado por cuatro estructuras del \u00e1mbito de trabajo de la lengua vasca y de la cooperaci\u00f3n ling\u00fc\u00edstica: la Asociaci\u00f3n Garabide, el Colectivo Plazara, el Cl\u00faster de Socioling\u00fc\u00edstica y el Movimiento Taupa. BIHAR es, por tanto, el resultado de la colaboraci\u00f3n entre estas entidades.<\/p>\n<\/div><\/div><div class=\"w-hwrapper valign_top wrap align_none\" style=\"--hwrapper-gap:1.5rem\"><div class=\"w-ibanner us_custom_89f0d347 animation_melete ratio_1x1 easing_ease\"><a target=\"_blank\" href=\"https:\/\/www.garabide.eus\/\" aria-label=\"Garabide\"><\/a><div class=\"w-ibanner-h\"><div class=\"w-ibanner-image\" style=\"background-image: url(https:\/\/bihar.eus\/wp-content\/uploads\/2026\/04\/Grupo-336.png)\"><\/div><div class=\"w-ibanner-content\"><div class=\"w-ibanner-content-h\"><h2 class=\"w-ibanner-title\" style=\"font-size:18px;\">Garabide<\/h2><div class=\"w-ibanner-desc\"><p>es una organizaci\u00f3n no gubernamental de desarrollo (ONGD) que trabaja en el \u00e1mbito de la cooperaci\u00f3n ling\u00fc\u00edstica, a favor de la revitalizaci\u00f3n de lenguas minorizadas, especialmente a partir de la experiencia de la lengua vasca.<\/p>\n<\/div><\/div><\/div><\/div><\/div><div class=\"w-ibanner us_custom_89f0d347 animation_melete ratio_1x1 easing_ease\"><a target=\"_blank\" href=\"https:\/\/plazara.eus\/\" aria-label=\"Plazara kolektiboa\"><\/a><div class=\"w-ibanner-h\"><div class=\"w-ibanner-image\" style=\"background-image: url(https:\/\/bihar.eus\/wp-content\/uploads\/2026\/04\/Grupo-341.png)\"><\/div><div class=\"w-ibanner-content\"><div class=\"w-ibanner-content-h\"><h2 class=\"w-ibanner-title\" style=\"font-size:18px;\">Plazara kolektiboa<\/h2><div class=\"w-ibanner-desc\"><p>es un colectivo joven, interdisciplinar, creativo e inspirador. Su objetivo es hacer que la lengua vasca sea m\u00e1s visible, m\u00e1s escuchado y m\u00e1s utilizado en los espacios p\u00fablicos del Pa\u00eds Vasco.<\/p>\n<\/div><\/div><\/div><\/div><\/div><div class=\"w-ibanner us_custom_89f0d347 animation_melete ratio_1x1 easing_ease\"><a target=\"_blank\" href=\"https:\/\/soziolinguistika.eus\/eu\/\" aria-label=\"Soziolinguistika Klusterra\"><\/a><div class=\"w-ibanner-h\"><div class=\"w-ibanner-image\" style=\"background-image: url(https:\/\/bihar.eus\/wp-content\/uploads\/2026\/04\/Grupo-342.png)\"><\/div><div class=\"w-ibanner-content\"><div class=\"w-ibanner-content-h\"><h2 class=\"w-ibanner-title\" style=\"font-size:18px;\">Soziolinguistika Klusterra<\/h2><div class=\"w-ibanner-desc\"><p>Es un centro de investigaci\u00f3n y red de trabajo en torno a la socializaci\u00f3n y revitalizaci\u00f3n de la lengua vasca, donde se genera, gestiona y aplica conocimiento socioling\u00fc\u00edstico en relaci\u00f3n con medidas y pol\u00edticas ling\u00fc\u00edsticas.<\/p>\n<\/div><\/div><\/div><\/div><\/div><div class=\"w-ibanner us_custom_89f0d347 animation_melete ratio_1x1 easing_ease\"><a target=\"_blank\" href=\"https:\/\/taupamugimendua.eus\/\" aria-label=\"Taupa mugimendua\"><\/a><div class=\"w-ibanner-h\"><div class=\"w-ibanner-image\" style=\"background-image: url(https:\/\/bihar.eus\/wp-content\/uploads\/2026\/04\/Grupo-338.png)\"><\/div><div class=\"w-ibanner-content\"><div class=\"w-ibanner-content-h\"><h2 class=\"w-ibanner-title\" style=\"font-size:18px;\">Taupa mugimendua<\/h2><div class=\"w-ibanner-desc\"><p>Es un movimiento social a favor de la lengua vasca que trabaja para fomentar su uso y el compromiso con la lengua, organizando y tejiendo redes de personas euskaltzales (personas que apoyan, valoran y promueven la lengua vasca) en todo el territorio.<\/p>\n<\/div><\/div><\/div><\/div><\/div><\/div><div class=\"w-separator size_small\"><\/div><div class=\"wpb_text_column\"><div class=\"wpb_wrapper\"><p>A este proyecto ya se han sumado otros agentes como entidades colaboradoras y patrocinadoras.<\/p>\n<\/div><\/div><div class=\"w-separator size_small\"><\/div><h3 class=\"w-text\"><span class=\"w-text-h\"><span class=\"w-text-value\">Patrocinadores:<\/span><\/span><\/h3><div class=\"w-hwrapper us_custom_f6f5da59 valign_middle align_none\" style=\"--hwrapper-gap:3rem\"><div class=\"w-image us_custom_13c3153c align_none\"><div class=\"w-image-h\"><img decoding=\"async\" width=\"334\" height=\"85\" src=\"https:\/\/bihar.eus\/wp-content\/uploads\/2026\/04\/logo-Agencia-EJGV_trans-1.png\" class=\"attachment-large size-large\" alt=\"\" loading=\"lazy\" srcset=\"https:\/\/bihar.eus\/wp-content\/uploads\/2026\/04\/logo-Agencia-EJGV_trans-1.png 334w, https:\/\/bihar.eus\/wp-content\/uploads\/2026\/04\/logo-Agencia-EJGV_trans-1-300x76.png 300w\" sizes=\"auto, (max-width: 334px) 100vw, 334px\" \/><\/div><\/div><div class=\"w-image us_custom_d1c8bcb1 align_none\"><div class=\"w-image-h\"><img decoding=\"async\" width=\"109\" height=\"112\" src=\"https:\/\/bihar.eus\/wp-content\/uploads\/2026\/04\/09-Beasain.png\" class=\"attachment-large size-large\" alt=\"\" loading=\"lazy\" \/><\/div><\/div><div class=\"w-image us_custom_b7987f04 align_none\"><div class=\"w-image-h\"><img decoding=\"async\" width=\"121\" height=\"124\" src=\"https:\/\/bihar.eus\/wp-content\/uploads\/2026\/04\/Kolorekoa.png\" class=\"attachment-large size-large\" alt=\"\" loading=\"lazy\" \/><\/div><\/div><div class=\"w-image us_custom_2c3d336b align_none\"><div class=\"w-image-h\"><img decoding=\"async\" width=\"127\" height=\"127\" src=\"https:\/\/bihar.eus\/wp-content\/uploads\/2026\/04\/12-BFA.png\" class=\"attachment-large size-large\" alt=\"\" loading=\"lazy\" \/><\/div><\/div><div class=\"w-image us_custom_91f75fa5 align_none\"><div class=\"w-image-h\"><img decoding=\"async\" width=\"109\" height=\"135\" src=\"https:\/\/bihar.eus\/wp-content\/uploads\/2026\/04\/Enmascarar-grupo-6.png\" class=\"attachment-large size-large\" alt=\"\" loading=\"lazy\" \/><\/div><\/div><div class=\"w-image us_custom_574243cd align_none\"><div class=\"w-image-h\"><img decoding=\"async\" width=\"158\" height=\"75\" src=\"https:\/\/bihar.eus\/wp-content\/uploads\/2026\/04\/16-GFA.png\" class=\"attachment-large size-large\" alt=\"\" loading=\"lazy\" \/><\/div><\/div><div class=\"w-image us_custom_505c16b0 align_none\"><div class=\"w-image-h\"><img decoding=\"async\" width=\"243\" height=\"56\" src=\"https:\/\/bihar.eus\/wp-content\/uploads\/2026\/04\/GN-v1-2c.png\" class=\"attachment-large size-large\" alt=\"\" loading=\"lazy\" \/><\/div><\/div><\/div><div class=\"w-separator size_small\"><\/div><h3 class=\"w-text\"><span class=\"w-text-h\"><span class=\"w-text-value\">Colaboradores<\/span><\/span><\/h3><div class=\"w-hwrapper us_custom_f6f5da59 valign_middle align_none\" style=\"--hwrapper-gap:3rem\"><div class=\"w-image us_custom_15646e32 align_none\"><div class=\"w-image-h\"><img decoding=\"async\" width=\"184\" height=\"60\" src=\"https:\/\/bihar.eus\/wp-content\/uploads\/2026\/04\/ELP-Logo-Color.png\" class=\"attachment-large size-large\" alt=\"\" loading=\"lazy\" \/><\/div><\/div><div class=\"w-image us_custom_ed967a7e align_none\"><div class=\"w-image-h\"><img decoding=\"async\" width=\"220\" height=\"41\" src=\"https:\/\/bihar.eus\/wp-content\/uploads\/2026\/04\/Grupo-341-1.png\" class=\"attachment-large size-large\" alt=\"\" loading=\"lazy\" \/><\/div><\/div><div class=\"w-image us_custom_3501cb52 align_none\"><div class=\"w-image-h\"><img decoding=\"async\" width=\"90\" height=\"90\" src=\"https:\/\/bihar.eus\/wp-content\/uploads\/2026\/04\/LOGO-NAGUSIA.png\" class=\"attachment-large size-large\" alt=\"\" loading=\"lazy\" \/><\/div><\/div><div class=\"w-image us_custom_3607f02d align_none\"><div class=\"w-image-h\"><img decoding=\"async\" width=\"500\" height=\"500\" src=\"https:\/\/bihar.eus\/wp-content\/uploads\/2026\/04\/linguapax_logo.png\" class=\"attachment-large size-large\" alt=\"\" loading=\"lazy\" srcset=\"https:\/\/bihar.eus\/wp-content\/uploads\/2026\/04\/linguapax_logo.png 500w, https:\/\/bihar.eus\/wp-content\/uploads\/2026\/04\/linguapax_logo-300x300.png 300w, https:\/\/bihar.eus\/wp-content\/uploads\/2026\/04\/linguapax_logo-150x150.png 150w\" sizes=\"auto, (max-width: 500px) 100vw, 500px\" \/><\/div><\/div><div class=\"w-image us_custom_4d73a5a3 align_none\"><div class=\"w-image-h\"><img decoding=\"async\" width=\"1024\" height=\"316\" src=\"https:\/\/bihar.eus\/wp-content\/uploads\/2026\/04\/LOGO-Catedra-UNESCO-de-Patrimonio-Linguistico-Mundial_alta-1024x316.png\" class=\"attachment-large size-large\" alt=\"\" loading=\"lazy\" srcset=\"https:\/\/bihar.eus\/wp-content\/uploads\/2026\/04\/LOGO-Catedra-UNESCO-de-Patrimonio-Linguistico-Mundial_alta-1024x316.png 1024w, https:\/\/bihar.eus\/wp-content\/uploads\/2026\/04\/LOGO-Catedra-UNESCO-de-Patrimonio-Linguistico-Mundial_alta-300x92.png 300w\" sizes=\"auto, (max-width: 1024px) 100vw, 1024px\" \/><\/div><\/div><\/div><div class=\"w-separator size_small\"><\/div><div class=\"w-separator size_small\"><\/div><\/div><div class=\"w-separator size_large\"><\/div><\/div><\/div><\/div><\/div><\/section>\n","protected":false},"excerpt":{"rendered":"\u00bfQUI\u00c9NES SOMOS?\u00bfQu\u00e9 es BIHAR? BIHAR es un proyecto que pone en el centro las narrativas o discursos sobre la revitalizaci\u00f3n de las lenguas. El proceso consta de tres fases principales: \u00a0 Diagn\u00f3sticoEn 2025, hemos recopilado discursos de comunidades de todo el mundo que est\u00e1n revitalizando sus lenguas. En concreto, hemos analizado elementos narrativos de 70...","protected":false},"author":1,"featured_media":0,"parent":0,"menu_order":0,"comment_status":"closed","ping_status":"closed","template":"","meta":{"_acf_changed":false,"om_disable_all_campaigns":false,"_monsterinsights_skip_tracking":false,"_monsterinsights_sitenote_active":false,"_monsterinsights_sitenote_note":"","_monsterinsights_sitenote_category":0,"footnotes":""},"class_list":["post-816","page","type-page","status-publish","hentry"],"acf":[],"aioseo_notices":[],"_links":{"self":[{"href":"https:\/\/bihar.eus\/es\/wp-json\/wp\/v2\/pages\/816","targetHints":{"allow":["GET"]}}],"collection":[{"href":"https:\/\/bihar.eus\/es\/wp-json\/wp\/v2\/pages"}],"about":[{"href":"https:\/\/bihar.eus\/es\/wp-json\/wp\/v2\/types\/page"}],"author":[{"embeddable":true,"href":"https:\/\/bihar.eus\/es\/wp-json\/wp\/v2\/users\/1"}],"replies":[{"embeddable":true,"href":"https:\/\/bihar.eus\/es\/wp-json\/wp\/v2\/comments?post=816"}],"version-history":[{"count":6,"href":"https:\/\/bihar.eus\/es\/wp-json\/wp\/v2\/pages\/816\/revisions"}],"predecessor-version":[{"id":1403,"href":"https:\/\/bihar.eus\/es\/wp-json\/wp\/v2\/pages\/816\/revisions\/1403"}],"wp:attachment":[{"href":"https:\/\/bihar.eus\/es\/wp-json\/wp\/v2\/media?parent=816"}],"curies":[{"name":"wp","href":"https:\/\/api.w.org\/{rel}","templated":true}]}}