{"id":801,"date":"2026-03-24T12:57:03","date_gmt":"2026-03-24T11:57:03","guid":{"rendered":"https:\/\/bihar.eus\/?page_id=801"},"modified":"2026-04-16T14:03:32","modified_gmt":"2026-04-16T13:03:32","slug":"sozializazioa","status":"publish","type":"page","link":"https:\/\/bihar.eus\/es\/sozializazioa\/","title":{"rendered":"SOCIALIZACI\u00d3N"},"content":{"rendered":"<section class=\"l-section wpb_row height_small\"><div class=\"l-section-h i-cf\"><div class=\"g-cols vc_row via_grid cols_2-1 laptops-cols_inherit tablets-cols_inherit mobiles-cols_1 valign_top type_default stacking_default\"><div class=\"wpb_column vc_column_container\"><div class=\"vc_column-inner\"><h1 class=\"w-post-elm post_title us_custom_32138d05 entry-title color_link_inherit\">SOCIALIZACI\u00d3N<\/h1><div class=\"wpb_text_column\"><div class=\"wpb_wrapper\"><h5>Llegar a la sociedad<\/h5>\n<\/div><\/div><div class=\"w-separator size_small\"><\/div><div class=\"w-btn-wrapper align_none hide_on_default hide_on_laptops hide_on_tablets hide_on_mobiles\"><a class=\"w-btn us-btn-style_4 icon_atright\" href=\"#\"><span class=\"w-btn-label\">Deskarga el informe<\/span><i class=\"fas fa-download\"><\/i><\/a><\/div><div class=\"w-separator size_medium\"><\/div><div class=\"wpb_text_column\"><div class=\"wpb_wrapper\"><p>Los resultados del diagn\u00f3stico se compartir\u00e1n en la primavera de 2026 con agentes que trabajan a favor de la lengua vasca y con agentes implicados en otros movimientos sociales del Pa\u00eds Vasco. De este modo, se desarrollar\u00e1 el proceso de socializaci\u00f3n y reflexi\u00f3n, que constituye el segundo eje del proyecto BIHAR.<\/p>\n<p>En total, se han organizado veinte sesiones de trabajo en todo el territorio y un seminario conjunto, en las que participar\u00e1n m\u00e1s de 100 agentes. Estos agentes proceder\u00e1n de distintos \u00e1mbitos sociales: actores que trabajan a favor de la lengua vasca, feminismo, ecologismo, movimientos juveniles, colectivos de solidaridad con personas migrantes, movimiento LGTBIQ+, antirracismo y cooperaci\u00f3n, entre otros.<\/p>\n<p>Entendemos estos espacios como una oportunidad para actualizar los marcos de interpretaci\u00f3n del movimiento vasco, vinculando la revitalizaci\u00f3n ling\u00fc\u00edstica con otras reivindicaciones sociales. Partiendo de las aportaciones del diagn\u00f3stico, se prestar\u00e1 especial atenci\u00f3n a la construcci\u00f3n de relaciones equilibradas y basadas en el intercambio con comunidades ling\u00fc\u00edsticas de todo el mundo, as\u00ed como al reconocimiento de la diversidad interna de dichas comunidades.<\/p>\n<p>El objetivo es fortalecer las capacidades colectivas para generar discursos transformadores, inclusivos e interseccionales, tanto en contextos locales como internacionales.<\/p>\n<p>A continuaci\u00f3n, se detallan las sesiones de trabajo que se llevar\u00e1n a cabo en en Pa\u00eds Vasco, as\u00ed como el seminario BIHARko Taupada que servir\u00e1 para culminar el proceso:<\/p>\n<\/div><\/div><\/div><\/div><div class=\"wpb_column vc_column_container\"><div class=\"vc_column-inner\"><div class=\"w-image align_none\"><div class=\"w-image-h\"><img decoding=\"async\" width=\"580\" height=\"774\" src=\"https:\/\/bihar.eus\/wp-content\/uploads\/2026\/03\/Grupo-335.png\" class=\"attachment-large size-large\" alt=\"\" loading=\"lazy\" srcset=\"https:\/\/bihar.eus\/wp-content\/uploads\/2026\/03\/Grupo-335.png 580w, https:\/\/bihar.eus\/wp-content\/uploads\/2026\/03\/Grupo-335-225x300.png 225w\" sizes=\"auto, (max-width: 580px) 100vw, 580px\" \/><\/div><\/div><\/div><\/div><\/div><\/div><\/section><section class=\"l-section wpb_row us_custom_2940ff0e height_small\"><div class=\"l-section-h i-cf\"><div class=\"g-cols vc_row via_grid cols_1 laptops-cols_inherit tablets-cols_inherit mobiles-cols_1 valign_top type_default stacking_default\"><div class=\"wpb_column vc_column_container\"><div class=\"vc_column-inner\"><div class=\"w-hwrapper us_custom_a7a95a16 valign_top align_none\"><div class=\"wpb_text_column us_custom_fba90a43 has_text_color\"><div class=\"wpb_wrapper\"><ul>\n<li>14 y 28 de abril: Iru\u00f1ea<\/li>\n<li>15 y 29 de abril: Durango<\/li>\n<li>16 y 30 de abril: Andoain<\/li>\n<li>21 de abril y 5 de mayo: Barakaldo<\/li>\n<li>22 de abril y 6 de mayo: Donostia<\/li>\n<li>23 de abril y 7 de mayo: Gasteiz<\/li>\n<\/ul>\n<\/div><\/div><div class=\"wpb_text_column us_custom_fba90a43 has_text_color\"><div class=\"wpb_wrapper\"><ul>\n<li>12 y 26 de mayo: Baiona<\/li>\n<li>13 y 27 de mayo: Bilbao<\/li>\n<li>14 y 28 de mayo: Arrasate<\/li>\n<li>15 y 29 de mayo: Laudio<\/li>\n<li>4 de junio: BIHARko Taupada<\/li>\n<\/ul>\n<\/div><\/div><\/div><div class=\"w-separator size_huge\"><\/div><div class=\"w-separator size_huge\"><\/div><\/div><\/div><\/div><\/div><\/section>\n","protected":false},"excerpt":{"rendered":"SOCIALIZACI\u00d3NLlegar a la sociedad Deskarga el informeLos resultados del diagn\u00f3stico se compartir\u00e1n en la primavera de 2026 con agentes que trabajan a favor de la lengua vasca y con agentes implicados en otros movimientos sociales del Pa\u00eds Vasco. De este modo, se desarrollar\u00e1 el proceso de socializaci\u00f3n y reflexi\u00f3n, que constituye el segundo eje del...","protected":false},"author":1,"featured_media":0,"parent":0,"menu_order":0,"comment_status":"closed","ping_status":"closed","template":"","meta":{"_acf_changed":false,"om_disable_all_campaigns":false,"_monsterinsights_skip_tracking":false,"_monsterinsights_sitenote_active":false,"_monsterinsights_sitenote_note":"","_monsterinsights_sitenote_category":0,"footnotes":""},"class_list":["post-801","page","type-page","status-publish","hentry"],"acf":[],"aioseo_notices":[],"_links":{"self":[{"href":"https:\/\/bihar.eus\/es\/wp-json\/wp\/v2\/pages\/801","targetHints":{"allow":["GET"]}}],"collection":[{"href":"https:\/\/bihar.eus\/es\/wp-json\/wp\/v2\/pages"}],"about":[{"href":"https:\/\/bihar.eus\/es\/wp-json\/wp\/v2\/types\/page"}],"author":[{"embeddable":true,"href":"https:\/\/bihar.eus\/es\/wp-json\/wp\/v2\/users\/1"}],"replies":[{"embeddable":true,"href":"https:\/\/bihar.eus\/es\/wp-json\/wp\/v2\/comments?post=801"}],"version-history":[{"count":5,"href":"https:\/\/bihar.eus\/es\/wp-json\/wp\/v2\/pages\/801\/revisions"}],"predecessor-version":[{"id":1408,"href":"https:\/\/bihar.eus\/es\/wp-json\/wp\/v2\/pages\/801\/revisions\/1408"}],"wp:attachment":[{"href":"https:\/\/bihar.eus\/es\/wp-json\/wp\/v2\/media?parent=801"}],"curies":[{"name":"wp","href":"https:\/\/api.w.org\/{rel}","templated":true}]}}