{"id":786,"date":"2026-03-26T11:03:37","date_gmt":"2026-03-26T10:03:37","guid":{"rendered":"https:\/\/bihar.eus\/?page_id=786"},"modified":"2026-04-09T14:19:20","modified_gmt":"2026-04-09T13:19:20","slug":"diagnostikoa","status":"publish","type":"page","link":"https:\/\/bihar.eus\/es\/diagnostikoa\/","title":{"rendered":"DIAGN\u00d3STICO"},"content":{"rendered":"<section class=\"l-section wpb_row height_small\"><div class=\"l-section-h i-cf\"><div class=\"g-cols vc_row via_grid cols_1 laptops-cols_inherit tablets-cols_inherit mobiles-cols_1 valign_middle type_default stacking_default\"><div class=\"wpb_column vc_column_container\"><div class=\"vc_column-inner\"><div class=\"w-separator size_small\"><\/div><div class=\"wpb_text_column\"><div class=\"wpb_wrapper\"><h1>Diagnostico<\/h1>\n<\/div><\/div><div class=\"wpb_text_column\"><div class=\"wpb_wrapper\"><h5>Discursos internacionales para la revitalizaci\u00f3n de las lenguas<\/h5>\n<\/div><\/div><div class=\"w-separator size_small\"><\/div><div class=\"wpb_text_column\"><div class=\"wpb_wrapper\"><p>En 2025, hemos recopilado discursos sobre lenguas en proceso de revitalizaci\u00f3n en todo el mundo. Para ello, se han recogido las voces de diversas comunidades ling\u00fc\u00edsticas activas a nivel internacional, especialmente en contextos de lenguas minorizadas implicadas en procesos de revitalizaci\u00f3n.<\/p>\n<\/div><\/div><div class=\"w-separator size_small\"><\/div><div class=\"w-separator size_small\"><\/div><\/div><\/div><\/div><\/div><\/section><section class=\"l-section wpb_row height_auto\"><div class=\"l-section-h i-cf\"><div class=\"g-cols vc_row via_grid cols_2 laptops-cols_inherit tablets-cols_inherit mobiles-cols_1 valign_middle type_default stacking_default\" style=\"--columns-gap:0rem;\"><div class=\"wpb_column vc_column_container us_custom_84e0aa9b\"><div class=\"vc_column-inner\"><div class=\"w-separator size_small\"><\/div><div class=\"wpb_text_column\"><div class=\"wpb_wrapper\"><h3>Se han analizado discursos de alrededor de 70 comunidades ling\u00fc\u00edsticas situadas en los cinco continentes<\/h3>\n<p>En total, se han analizado discursos de alrededor de 70 comunidades ling\u00fc\u00edsticas situadas en los cinco continentes, desde una perspectiva interseccional. Algunas de las lenguas de estas comunidades son: aimara, bubi, quechua, kurdo, maor\u00ed, santali, sencoten, nquiyaampaa, tongano, balin\u00e9s, fris\u00f3n, dumi, catal\u00e1n, hawaiano, mas\u00e1i, mapuche, entre otras.<\/p>\n<\/div><\/div><\/div><\/div><div class=\"wpb_column vc_column_container\"><div class=\"vc_column-inner\"><div class=\"w-image align_none\"><div class=\"w-image-h\"><img decoding=\"async\" width=\"1024\" height=\"681\" src=\"https:\/\/bihar.eus\/wp-content\/uploads\/2026\/04\/21395-1024x681.jpg\" class=\"attachment-large size-large\" alt=\"\" loading=\"lazy\" srcset=\"https:\/\/bihar.eus\/wp-content\/uploads\/2026\/04\/21395-1024x681.jpg 1024w, https:\/\/bihar.eus\/wp-content\/uploads\/2026\/04\/21395-300x200.jpg 300w, https:\/\/bihar.eus\/wp-content\/uploads\/2026\/04\/21395.jpg 2000w\" sizes=\"auto, (max-width: 1024px) 100vw, 1024px\" \/><\/div><\/div><\/div><\/div><\/div><\/div><\/section><section class=\"l-section wpb_row height_auto\"><div class=\"l-section-h i-cf\"><div class=\"g-cols vc_row via_grid cols_2 laptops-cols_inherit tablets-cols_inherit mobiles-cols_1 valign_middle type_default stacking_default\" style=\"--columns-gap:0rem;\"><div class=\"wpb_column vc_column_container\"><div class=\"vc_column-inner\"><div class=\"w-image align_none\"><div class=\"w-image-h\"><img decoding=\"async\" width=\"651\" height=\"389\" src=\"https:\/\/bihar.eus\/wp-content\/uploads\/2026\/03\/Grupo-16.png\" class=\"attachment-large size-large\" alt=\"\" loading=\"lazy\" srcset=\"https:\/\/bihar.eus\/wp-content\/uploads\/2026\/03\/Grupo-16.png 651w, https:\/\/bihar.eus\/wp-content\/uploads\/2026\/03\/Grupo-16-300x179.png 300w\" sizes=\"auto, (max-width: 651px) 100vw, 651px\" \/><\/div><\/div><\/div><\/div><div class=\"wpb_column vc_column_container us_custom_9fdfc668\"><div class=\"vc_column-inner\"><div class=\"w-separator size_small\"><\/div><div class=\"wpb_text_column\"><div class=\"wpb_wrapper\"><h3>Entrevistas en profundidad y grupos de discusi\u00f3n<\/h3>\n<p>La investigaci\u00f3n ha priorizado m\u00e9todos cualitativos, mediante entrevistas en profundidad y grupos de discusi\u00f3n. Como complemento, tambi\u00e9n se ha analizado un volumen significativo de documentos elaborados por organizaciones y comunidades hablantes.<\/p>\n<\/div><\/div><\/div><\/div><\/div><\/div><\/section><section class=\"l-section wpb_row height_auto\"><div class=\"l-section-h i-cf\"><div class=\"g-cols vc_row via_grid cols_2 laptops-cols_inherit tablets-cols_inherit mobiles-cols_1 valign_middle type_default stacking_default\" style=\"--columns-gap:0rem;\"><div class=\"wpb_column vc_column_container us_custom_84e0aa9b\"><div class=\"vc_column-inner\"><div class=\"w-separator size_small\"><\/div><div class=\"wpb_text_column\"><div class=\"wpb_wrapper\"><h3>Conocer la actuaci\u00f3n de los agentes clave<\/h3>\n<p>El estudio ha tenido como objetivo identificar los principales elementos narrativos, conociendo la labor de agentes clave. El resultado de esta fase es un diagn\u00f3stico de los discursos internacionales para la revitalizaci\u00f3n ling\u00fc\u00edstica.<\/p>\n<\/div><\/div><\/div><\/div><div class=\"wpb_column vc_column_container\"><div class=\"vc_column-inner\"><div class=\"w-image align_none\"><div class=\"w-image-h\"><img decoding=\"async\" width=\"1024\" height=\"682\" src=\"https:\/\/bihar.eus\/wp-content\/uploads\/2026\/04\/529-1024x682.jpg\" class=\"attachment-large size-large\" alt=\"\" loading=\"lazy\" srcset=\"https:\/\/bihar.eus\/wp-content\/uploads\/2026\/04\/529-1024x682.jpg 1024w, https:\/\/bihar.eus\/wp-content\/uploads\/2026\/04\/529-300x200.jpg 300w, https:\/\/bihar.eus\/wp-content\/uploads\/2026\/04\/529.jpg 2000w\" sizes=\"auto, (max-width: 1024px) 100vw, 1024px\" \/><\/div><\/div><\/div><\/div><\/div><\/div><\/section><section class=\"l-section wpb_row height_large\"><div class=\"l-section-h i-cf\"><div class=\"g-cols vc_row via_grid cols_1 laptops-cols_inherit tablets-cols_inherit mobiles-cols_1 valign_top type_default stacking_default\"><div class=\"wpb_column vc_column_container\"><div class=\"vc_column-inner\"><\/div><\/div><\/div><\/div><\/section><section class=\"l-section wpb_row us_custom_6c165868 height_auto\"><div class=\"l-section-h i-cf\"><div class=\"g-cols vc_row via_grid cols_1 laptops-cols_inherit tablets-cols_inherit mobiles-cols_1 valign_middle type_default stacking_default\" style=\"--columns-gap:0rem;\"><div class=\"wpb_column vc_column_container us_custom_84e0aa9b\"><div class=\"vc_column-inner\"><div class=\"w-separator size_small\"><\/div><div class=\"wpb_text_column\"><div class=\"wpb_wrapper\"><p style=\"text-align: center;\">Para la elaboraci\u00f3n del diagn\u00f3stico ha sido fundamental la colaboraci\u00f3n con diversas organizaciones: First People\u2019s Cultural Council (FPCC), Endangered Languages Project (ELP), Associaci\u00f3 Linguapax Internacional, la C\u00e1tedra UNESCO de Patrimonio Ling\u00fc\u00edstico Mundial de la Universidad del Pa\u00eds Vasco (EHU), e HIGA, el encuentro de j\u00f3venes hablantes de lenguas minorizadas.<\/p>\n<\/div><\/div><div class=\"w-separator size_small\"><\/div><div class=\"w-hwrapper valign_middle align_justify\" style=\"--hwrapper-gap:2.2rem\"><div class=\"w-image us_custom_3000a3fb align_none\"><div class=\"w-image-h\"><img decoding=\"async\" width=\"1024\" height=\"190\" src=\"https:\/\/bihar.eus\/wp-content\/uploads\/2026\/04\/FPCC_Logo_Horizontal-RGB_BorrealGreen-1024x190.png\" class=\"attachment-large size-large\" alt=\"\" loading=\"lazy\" srcset=\"https:\/\/bihar.eus\/wp-content\/uploads\/2026\/04\/FPCC_Logo_Horizontal-RGB_BorrealGreen-1024x190.png 1024w, https:\/\/bihar.eus\/wp-content\/uploads\/2026\/04\/FPCC_Logo_Horizontal-RGB_BorrealGreen-300x56.png 300w\" sizes=\"auto, (max-width: 1024px) 100vw, 1024px\" \/><\/div><\/div><div class=\"w-image us_custom_3000a3fb align_none\"><div class=\"w-image-h\"><img decoding=\"async\" width=\"892\" height=\"289\" src=\"https:\/\/bihar.eus\/wp-content\/uploads\/2026\/04\/ELP-Logo-black-1.png\" class=\"attachment-large size-large\" alt=\"\" loading=\"lazy\" srcset=\"https:\/\/bihar.eus\/wp-content\/uploads\/2026\/04\/ELP-Logo-black-1.png 892w, https:\/\/bihar.eus\/wp-content\/uploads\/2026\/04\/ELP-Logo-black-1-300x97.png 300w\" sizes=\"auto, (max-width: 892px) 100vw, 892px\" \/><\/div><\/div><div class=\"w-image us_custom_4c618620 align_none\"><div class=\"w-image-h\"><img decoding=\"async\" width=\"500\" height=\"500\" src=\"https:\/\/bihar.eus\/wp-content\/uploads\/2026\/04\/linguapax_logo.png\" class=\"attachment-large size-large\" alt=\"\" loading=\"lazy\" srcset=\"https:\/\/bihar.eus\/wp-content\/uploads\/2026\/04\/linguapax_logo.png 500w, https:\/\/bihar.eus\/wp-content\/uploads\/2026\/04\/linguapax_logo-300x300.png 300w, https:\/\/bihar.eus\/wp-content\/uploads\/2026\/04\/linguapax_logo-150x150.png 150w\" sizes=\"auto, (max-width: 500px) 100vw, 500px\" \/><\/div><\/div><div class=\"w-image us_custom_f0b9c96d align_none\"><div class=\"w-image-h\"><img decoding=\"async\" width=\"1024\" height=\"316\" src=\"https:\/\/bihar.eus\/wp-content\/uploads\/2026\/04\/LOGO-Catedra-UNESCO-de-Patrimonio-Linguistico-Mundial_alta-1024x316.png\" class=\"attachment-large size-large\" alt=\"\" loading=\"lazy\" srcset=\"https:\/\/bihar.eus\/wp-content\/uploads\/2026\/04\/LOGO-Catedra-UNESCO-de-Patrimonio-Linguistico-Mundial_alta-1024x316.png 1024w, https:\/\/bihar.eus\/wp-content\/uploads\/2026\/04\/LOGO-Catedra-UNESCO-de-Patrimonio-Linguistico-Mundial_alta-300x92.png 300w\" sizes=\"auto, (max-width: 1024px) 100vw, 1024px\" \/><\/div><\/div><div class=\"w-image us_custom_2c3d336b align_none\"><div class=\"w-image-h\"><img decoding=\"async\" width=\"1024\" height=\"627\" src=\"https:\/\/bihar.eus\/wp-content\/uploads\/2026\/04\/Logo-simpletua-1024x627.png\" class=\"attachment-large size-large\" alt=\"\" loading=\"lazy\" srcset=\"https:\/\/bihar.eus\/wp-content\/uploads\/2026\/04\/Logo-simpletua-1024x627.png 1024w, https:\/\/bihar.eus\/wp-content\/uploads\/2026\/04\/Logo-simpletua-300x184.png 300w\" sizes=\"auto, (max-width: 1024px) 100vw, 1024px\" \/><\/div><\/div><\/div><div class=\"w-separator size_small\"><\/div><\/div><\/div><\/div><\/div><\/section>\n","protected":false},"excerpt":{"rendered":"Diagnostico Discursos internacionales para la revitalizaci\u00f3n de las lenguas En 2025, hemos recopilado discursos sobre lenguas en proceso de revitalizaci\u00f3n en todo el mundo. Para ello, se han recogido las voces de diversas comunidades ling\u00fc\u00edsticas activas a nivel internacional, especialmente en contextos de lenguas minorizadas implicadas en procesos de revitalizaci\u00f3n. Se han analizado discursos de...","protected":false},"author":1,"featured_media":0,"parent":0,"menu_order":0,"comment_status":"closed","ping_status":"closed","template":"","meta":{"_acf_changed":false,"om_disable_all_campaigns":false,"_monsterinsights_skip_tracking":false,"_monsterinsights_sitenote_active":false,"_monsterinsights_sitenote_note":"","_monsterinsights_sitenote_category":0,"footnotes":""},"class_list":["post-786","page","type-page","status-publish","hentry"],"acf":[],"aioseo_notices":[],"_links":{"self":[{"href":"https:\/\/bihar.eus\/es\/wp-json\/wp\/v2\/pages\/786","targetHints":{"allow":["GET"]}}],"collection":[{"href":"https:\/\/bihar.eus\/es\/wp-json\/wp\/v2\/pages"}],"about":[{"href":"https:\/\/bihar.eus\/es\/wp-json\/wp\/v2\/types\/page"}],"author":[{"embeddable":true,"href":"https:\/\/bihar.eus\/es\/wp-json\/wp\/v2\/users\/1"}],"replies":[{"embeddable":true,"href":"https:\/\/bihar.eus\/es\/wp-json\/wp\/v2\/comments?post=786"}],"version-history":[{"count":4,"href":"https:\/\/bihar.eus\/es\/wp-json\/wp\/v2\/pages\/786\/revisions"}],"predecessor-version":[{"id":799,"href":"https:\/\/bihar.eus\/es\/wp-json\/wp\/v2\/pages\/786\/revisions\/799"}],"wp:attachment":[{"href":"https:\/\/bihar.eus\/es\/wp-json\/wp\/v2\/media?parent=786"}],"curies":[{"name":"wp","href":"https:\/\/api.w.org\/{rel}","templated":true}]}}