{"id":771,"date":"2026-03-23T12:26:26","date_gmt":"2026-03-23T11:26:26","guid":{"rendered":"https:\/\/bihar.eus\/?page_id=771"},"modified":"2026-04-16T14:32:40","modified_gmt":"2026-04-16T13:32:40","slug":"kongresua","status":"publish","type":"page","link":"https:\/\/bihar.eus\/es\/kongresua\/","title":{"rendered":"CONGRESO"},"content":{"rendered":"<section class=\"l-section wpb_row height_small\"><div class=\"l-section-h i-cf\"><div class=\"g-cols vc_row via_grid cols_1 laptops-cols_inherit tablets-cols_inherit mobiles-cols_1 valign_top type_default stacking_default\"><div class=\"wpb_column vc_column_container\"><div class=\"vc_column-inner\"><h1 class=\"w-post-elm post_title us_custom_2774bef1 entry-title color_link_inherit\">CONGRESO<\/h1><div class=\"wpb_text_column us_custom_9eee4631\"><div class=\"wpb_wrapper\"><h5>Lenguas que hacen emerger el futuro<\/h5>\n<\/div><\/div><div class=\"w-separator size_small\"><\/div><div class=\"wpb_text_column us_custom_9eee4631\"><div class=\"wpb_wrapper\"><p>Del 23 al 26 de septiembre de 2026, el Pa\u00eds Vasco acoger\u00e1 el Congreso Internacional de Comunidades Ling\u00fc\u00edsticas Minorizadas en Proceso de Revitalizaci\u00f3n. Bajo el lema <em>Lenguas que hacen emerger el futuro<\/em>, el congreso tiene como objetivo reunir a diversas comunidades ling\u00fc\u00edsticas del mundo para reflexionar en torno a los discursos de revitalizaci\u00f3n y situarlos a nivel global desde una perspectiva transformadora.<\/p>\n<p>Durante cuatro d\u00edas, expertas y expertos, activistas y artistas de todo el mundo se dar\u00e1n cita entre Bilbao, Irun y Hendaya. Asimismo, se pondr\u00e1n en el centro los aprendizajes, discursos y experiencias recogidas en las dos fases previas (diagn\u00f3stico y socializaci\u00f3n), a trav\u00e9s de un programa amplio que combinar\u00e1 conferencias, mesas redondas, talleres y propuestas art\u00edstico-culturales.<\/p>\n<p>Entre otros, en el Congreso se abordar\u00e1n los siguientes temas:<\/p>\n<\/div><\/div><div class=\"w-separator size_large\"><\/div><\/div><\/div><\/div><\/div><\/section><section class=\"l-section wpb_row us_custom_c70c97eb height_small\"><div class=\"l-section-h i-cf\"><div class=\"g-cols vc_row via_grid cols_1-2 laptops-cols_inherit tablets-cols_inherit mobiles-cols_1 valign_middle type_default stacking_default\"><div class=\"wpb_column vc_column_container\"><div class=\"vc_column-inner\"><div class=\"w-separator size_large\"><\/div><div class=\"wpb_text_column us_custom_9eee4631\"><div class=\"wpb_wrapper\"><h2>Temas<\/h2>\n<\/div><\/div><div class=\"wpb_text_column us_custom_9eee4631\"><div class=\"wpb_wrapper\"><h5>Entre otros, en el Congreso se abordar\u00e1n los siguientes temas:<\/h5>\n<\/div><\/div><div class=\"w-separator size_small\"><\/div><div class=\"w-separator size_large\"><\/div><\/div><\/div><div class=\"wpb_column vc_column_container\"><div class=\"vc_column-inner\"><div class=\"w-separator size_large\"><\/div><div class=\"w-grid us_post_carousel type_carousel layout_174 preload_style_spinner\" id=\"us_post_list_ib4f\" style=\"--gap:0.9rem;\"><style>.layout_174 .w-grid-item-h{}.layout_174 .usg_vwrapper_1{background:var(--color-header-middle-bg)!important;padding:3rem 5rem 3rem 5rem!important}<\/style><div class=\"w-grid-list owl-carousel valign_middle dotstyle_circle navstyle_circle arrows-ver-pos_middle arrows-hor-pos_on_sides_outside arrows-disabled_hide owl-responsive-2000 with_arrows\" style=\"--transition-duration:350ms;--arrows-size:1.5rem;--arrows-gap:10px;\">\t<article class=\"w-grid-item size_1x1 post-778 us_testimonial type-us_testimonial status-publish hentry\" data-id=\"778\">\r\n\t\t<div class=\"w-grid-item-h\">\r\n\t\t\t\t\t\t\t<a href=\"#\" class=\"w-grid-item-anchor\" aria-label=\"\u00bfPor qu\u00e9 un proyecto centrado en los discursos de revitalizaci\u00f3n de lenguas minorizadas?\"><\/a>\r\n\t\t\t\t\t\t<div class=\"w-vwrapper usg_vwrapper_1 align_none valign_top\"><h2 class=\"w-post-elm post_title usg_post_title_1 entry-title color_link_inherit\">\u00bfPor qu\u00e9 un proyecto centrado en los discursos de revitalizaci\u00f3n de lenguas minorizadas?<\/h2><\/div>\t\t<\/div>\r\n\t\t\t<\/article>\r\n\t<article class=\"w-grid-item size_1x1 post-779 us_testimonial type-us_testimonial status-publish hentry\" data-id=\"779\">\r\n\t\t<div class=\"w-grid-item-h\">\r\n\t\t\t\t\t\t\t<a href=\"#\" class=\"w-grid-item-anchor\" aria-label=\"Elementos discursivos y narrativos activos de comunidades ling\u00fc\u00edsticas minorizadas en proceso de revitalizaci\u00f3n en todo el mundo.\"><\/a>\r\n\t\t\t\t\t\t<div class=\"w-vwrapper usg_vwrapper_1 align_none valign_top\"><h2 class=\"w-post-elm post_title usg_post_title_1 entry-title color_link_inherit\">Elementos discursivos y narrativos activos de comunidades ling\u00fc\u00edsticas minorizadas en proceso de revitalizaci\u00f3n en todo el mundo.<\/h2><\/div>\t\t<\/div>\r\n\t\t\t<\/article>\r\n\t<article class=\"w-grid-item size_1x1 post-780 us_testimonial type-us_testimonial status-publish hentry\" data-id=\"780\">\r\n\t\t<div class=\"w-grid-item-h\">\r\n\t\t\t\t\t\t\t<a href=\"#\" class=\"w-grid-item-anchor\" aria-label=\"Las conexiones entre la revitalizaci\u00f3n ling\u00fc\u00edstica y otras reivindicaciones sociales.\"><\/a>\r\n\t\t\t\t\t\t<div class=\"w-vwrapper usg_vwrapper_1 align_none valign_top\"><h2 class=\"w-post-elm post_title usg_post_title_1 entry-title color_link_inherit\">Las conexiones entre la revitalizaci\u00f3n ling\u00fc\u00edstica y otras reivindicaciones sociales.<\/h2><\/div>\t\t<\/div>\r\n\t\t\t<\/article>\r\n\t<article class=\"w-grid-item size_1x1 post-781 us_testimonial type-us_testimonial status-publish hentry\" data-id=\"781\">\r\n\t\t<div class=\"w-grid-item-h\">\r\n\t\t\t\t\t\t\t<a href=\"#\" class=\"w-grid-item-anchor\" aria-label=\"El paso de la victimizaci\u00f3n a la agencia de las comunidades, a trav\u00e9s de procesos de reparaci\u00f3n.\"><\/a>\r\n\t\t\t\t\t\t<div class=\"w-vwrapper usg_vwrapper_1 align_none valign_top\"><h2 class=\"w-post-elm post_title usg_post_title_1 entry-title color_link_inherit\">El paso de la victimizaci\u00f3n a la agencia de las comunidades, a trav\u00e9s de procesos de reparaci\u00f3n.<\/h2><\/div>\t\t<\/div>\r\n\t\t\t<\/article>\r\n\t<article class=\"w-grid-item size_1x1 post-782 us_testimonial type-us_testimonial status-publish hentry\" data-id=\"782\">\r\n\t\t<div class=\"w-grid-item-h\">\r\n\t\t\t\t\t\t\t<a href=\"#\" class=\"w-grid-item-anchor\" aria-label=\"La responsabilidad colectiva en la revitalizaci\u00f3n de las lenguas.\"><\/a>\r\n\t\t\t\t\t\t<div class=\"w-vwrapper usg_vwrapper_1 align_none valign_top\"><h2 class=\"w-post-elm post_title usg_post_title_1 entry-title color_link_inherit\">La responsabilidad colectiva en la revitalizaci\u00f3n de las lenguas.<\/h2><\/div>\t\t<\/div>\r\n\t\t\t<\/article>\r\n<\/div><div class=\"w-grid-carousel-json hidden\" onclick='return {&quot;carousel_settings&quot;:{&quot;aria_labels&quot;:{&quot;prev&quot;:&quot;Anterior&quot;,&quot;next&quot;:&quot;Siguiente&quot;},&quot;autoplayContinual&quot;:false,&quot;autoplayHoverPause&quot;:false,&quot;autoplayTimeout&quot;:3000,&quot;autoWidth&quot;:false,&quot;smartSpeed&quot;:350,&quot;margin&quot;:0,&quot;mouseDrag&quot;:true,&quot;rtl&quot;:false,&quot;slideBy&quot;:&quot;1&quot;,&quot;touchDrag&quot;:true,&quot;slideTransition&quot;:&quot;&quot;,&quot;responsive&quot;:{&quot;0&quot;:{&quot;autoHeight&quot;:false,&quot;autoplay&quot;:false,&quot;autoWidth&quot;:false,&quot;center&quot;:false,&quot;dots&quot;:false,&quot;items&quot;:1,&quot;loop&quot;:false,&quot;nav&quot;:false,&quot;stagePadding&quot;:0,&quot;slideBy&quot;:&quot;1&quot;},&quot;801&quot;:{&quot;items&quot;:1,&quot;autoplay&quot;:false,&quot;center&quot;:false,&quot;dots&quot;:false,&quot;nav&quot;:true,&quot;autoHeight&quot;:false,&quot;autoWidth&quot;:false,&quot;loop&quot;:false,&quot;stagePadding&quot;:0}}}}'><\/div><\/div><div class=\"w-separator size_small\"><\/div><div class=\"w-separator size_large\"><\/div><\/div><\/div><\/div><\/div><\/section><section class=\"l-section wpb_row us_custom_6bd39a15 height_small\"><div class=\"l-section-h i-cf\"><div class=\"g-cols vc_row via_grid cols_custom laptops-cols_inherit tablets-cols_inherit mobiles-cols_1 valign_top type_default stacking_default\" style=\"--custom-columns:3fr 1.5fr 1.5fr \"><div class=\"wpb_column vc_column_container us_custom_ebda694a\"><div class=\"vc_column-inner\"><div class=\"w-separator size_large\"><\/div><div class=\"w-separator size_medium\"><\/div><div class=\"wpb_text_column us_custom_9eee4631\"><div class=\"wpb_wrapper\"><h5>El programa del Congreso combinar\u00e1 conferencias, mesas redondas, talleres y seminarios con propuestas art\u00edstico-culturales.<\/h5>\n<p>El Congreso Internacional BIHAR hace un llamamiento a mirar hacia el futuro: a construir relatos, emociones y caminos proyectados hacia lo que est\u00e1 por venir, llevando consigo el camino recorrido y situ\u00e1ndose ante el ma\u00f1ana, sabiendo que tras el anochecer llega el amanecer.<\/p>\n<\/div><\/div><div class=\"w-separator size_large\"><\/div><\/div><\/div><div class=\"wpb_column vc_column_container us_custom_71b45488 has_bg_color\"><div class=\"vc_column-inner\"><div class=\"w-separator size_small\"><\/div><div class=\"w-image align_none\"><div class=\"w-image-h\"><img decoding=\"async\" width=\"55\" height=\"74\" src=\"https:\/\/bihar.eus\/wp-content\/uploads\/2026\/03\/geo-alt-2.png\" class=\"attachment-large size-large\" alt=\"\" loading=\"lazy\" \/><\/div><\/div><div class=\"w-separator size_small\"><\/div><h3 class=\"w-text us_custom_eb849559\"><span class=\"w-text-h\"><span class=\"w-text-value\">Palacio Euskalduna \u00b7 Bilbao<\/span><\/span><\/h3><div class=\"w-separator size_large\"><\/div><div class=\"w-image align_none\"><div class=\"w-image-h\"><img decoding=\"async\" width=\"48\" height=\"48\" src=\"https:\/\/bihar.eus\/wp-content\/uploads\/2026\/03\/calendar-check.png\" class=\"attachment-large size-large\" alt=\"\" loading=\"lazy\" \/><\/div><\/div><div class=\"w-separator size_small\"><\/div><h3 class=\"w-text us_custom_eb849559\"><span class=\"w-text-h\"><span class=\"w-text-value\">23 de septiembre<\/span><\/span><\/h3><div class=\"w-separator size_small\"><\/div><\/div><\/div><div class=\"wpb_column vc_column_container us_custom_71b45488 has_bg_color\"><div class=\"vc_column-inner\"><div class=\"w-separator size_small\"><\/div><div class=\"w-image align_none\"><div class=\"w-image-h\"><img decoding=\"async\" width=\"55\" height=\"74\" src=\"https:\/\/bihar.eus\/wp-content\/uploads\/2026\/03\/geo-alt-2.png\" class=\"attachment-large size-large\" alt=\"\" loading=\"lazy\" \/><\/div><\/div><div class=\"w-separator size_small\"><\/div><h3 class=\"w-text us_custom_eb849559\"><span class=\"w-text-h\"><span class=\"w-text-value\">Ficoba \u00b7 Irun \/ Hendaya<\/span><\/span><\/h3><div class=\"w-separator size_large\"><\/div><div class=\"w-image align_none\"><div class=\"w-image-h\"><img decoding=\"async\" width=\"48\" height=\"48\" src=\"https:\/\/bihar.eus\/wp-content\/uploads\/2026\/03\/calendar-check.png\" class=\"attachment-large size-large\" alt=\"\" loading=\"lazy\" \/><\/div><\/div><div class=\"w-separator size_small\"><\/div><h3 class=\"w-text us_custom_eb849559\"><span class=\"w-text-h\"><span class=\"w-text-value\">24, 25 y 26 de septiembre<\/span><\/span><\/h3><div class=\"w-separator size_small\"><\/div><\/div><\/div><\/div><\/div><\/section><section class=\"l-section wpb_row us_custom_3d2a9b29 height_small width_custom\" style=\"--site-content-width:930px;\"><div class=\"l-section-h i-cf\"><div class=\"g-cols vc_row via_grid cols_1 laptops-cols_inherit tablets-cols_inherit mobiles-cols_1 valign_top type_default stacking_default\"><div class=\"wpb_column vc_column_container\"><div class=\"vc_column-inner\"><div class=\"w-separator size_small\"><\/div><\/div><\/div><\/div><\/div><\/section><section class=\"l-section wpb_row us_custom_0e6be46c height_large\"><div class=\"l-section-h i-cf\"><div class=\"g-cols vc_row via_grid cols_2 laptops-cols_inherit tablets-cols_inherit mobiles-cols_1 valign_top type_default stacking_default\"><div class=\"wpb_column vc_column_container\"><div class=\"vc_column-inner\"><h3 class=\"w-text us_custom_df5f4c97 has_text_color\"><span class=\"w-text-h\"><span class=\"w-text-value\">Hemos formado el Comit\u00e9 Asesor Internacional para ayudar en la organizaci\u00f3n del Congreso. Estos son los miembros que componen el comit\u00e9:<\/span><\/span><\/h3><div class=\"wpb_text_column us_custom_df5f4c97 has_text_color\"><div class=\"wpb_wrapper\"><ul>\n<li><strong>Albert Badosa Rold\u00f3s<\/strong>, catal\u00e1n, Grup de Ling\u00fcistes per la Diversitat (GLiDi-UB)<\/li>\n<li><strong>Alexandra Philbin<\/strong>, irlandesa, Endangered Languages Project<\/li>\n<li><strong>Aliana Parker<\/strong>, First Peoples&#8217; Cultural Council<\/li>\n<li><strong>Amanda Holmes<\/strong>, comunidad ling\u00fc\u00edstica Mohawk, Endangered Languages Project<\/li>\n<li><strong>Anna Belew<\/strong>, Endangered Languages Project<\/li>\n<li><strong>Danika Vickers<\/strong>, comunidad ling\u00fc\u00edstica Hai\u0301\u026bzaqv\u1e37a, Endangered Languages Project<\/li>\n<li><strong>Elvis Bolivar T\u00faquerres Ichau<\/strong>, Kichwa Karanki de Ecuador, Organizaci\u00f3n Asociaci\u00f3n Kichwakamak Sisariy<\/li>\n<li><strong>Ernst Djeride Jean-Baptiste<\/strong>, criollo haitiano, iniciativa MIT-Hait\u00ed<\/li>\n<li><strong>Igor Xoy\u00f3n D\u00edaz<\/strong>, kaqchikel, Red de Escuelas Kaqchikeles: Ruk&#8217;u&#8217;x Qatinam\u00eft<\/li>\n<li><strong>Ihitz Iriart Casenave<\/strong>, euskara, cantante, bailar\u00edn y agente cultural<\/li>\n<li><strong>I\u00f1aki Sagardoy Leuza<\/strong>, euskara, Universidad P\u00fablica de Navarra<\/li>\n<\/ul>\n<\/div><\/div><\/div><\/div><div class=\"wpb_column vc_column_container\"><div class=\"vc_column-inner\"><div class=\"w-separator size_huge\"><\/div><div class=\"wpb_text_column us_custom_df5f4c97 has_text_color\"><div class=\"wpb_wrapper\"><ul>\n<li><strong>Albert Badosa Rold\u00f3s<\/strong>, catal\u00e1n, Grup de Ling\u00fcistes per la Diversitat (GLiDi-UB)<\/li>\n<li><strong>Alexandra Philbin<\/strong>, irlandesa, Endangered Languages Project<\/li>\n<li><strong>Aliana Parker<\/strong>, First Peoples&#8217; Cultural Council<\/li>\n<li><strong>Amanda Holmes<\/strong>, comunidad ling\u00fc\u00edstica Mohawk, Endangered Languages Project<br \/>\n<span>\u00a0<\/span> \u2013 <strong>Anna Belew<\/strong>, Endangered Languages Project<br \/>\n<span>\u00a0<\/span> \u2013 <strong>Danika Vickers<\/strong>, comunidad ling\u00fc\u00edstica Hai\u0301\u026bzaqv\u1e37a, Endangered Languages Project<br \/>\n<span>\u00a0<\/span> \u2013 <strong>Elvis Bolivar T\u00faquerres Ichau<\/strong>, Kichwa Karanki de Ecuador, Organizaci\u00f3n Asociaci\u00f3n Kichwakamak Sisariy<br \/>\n<span>\u00a0<\/span> \u2013 <strong>Ernst Djeride Jean-Baptiste<\/strong>, criollo haitiano, iniciativa MIT-Hait\u00ed<br \/>\n<span>\u00a0<\/span> \u2013 <strong>Igor Xoy\u00f3n D\u00edaz<\/strong>, kaqchikel, Red de Escuelas Kaqchikeles: Ruk&#8217;u&#8217;x Qatinam\u00eft<br \/>\n<span>\u00a0<\/span> \u2013 <strong>Ihitz Iriart Casenave<\/strong>, euskara, cantante, bailar\u00edn y agente cultural<br \/>\n<span>\u00a0<\/span> \u2013 <strong>I\u00f1aki Sagardoy Leuza<\/strong>, euskara, Universidad P\u00fablica de Navarra<\/li>\n<\/ul>\n<\/div><\/div><\/div><\/div><\/div><\/div><\/section><section class=\"l-section wpb_row bg-grad height_small\"><div class=\"l-section-h i-cf\"><div class=\"g-cols vc_row via_grid cols_1 laptops-cols_inherit tablets-cols_inherit mobiles-cols_1 valign_top type_default stacking_default\"><div class=\"wpb_column vc_column_container\"><div class=\"vc_column-inner\"><div class=\"w-separator size_medium\"><\/div><h2 class=\"w-text us_custom_8b3d6790 has_text_color\"><span class=\"w-text-h\"><span class=\"w-text-value\">\u00bfQuieres asistir al congreso?<\/span><\/span><\/h2><div class=\"w-separator size_custom\" style=\"height:0.5rem\"><\/div><div class=\"w-vwrapper us_custom_1722777a align_none valign_top\"><div class=\"wpb_text_column\"><div class=\"wpb_wrapper\"><h3><span>El plazo de inscripci\u00f3n se abrir\u00e1 el 11 de mayo<\/span><\/h3>\n<\/div><\/div><div class=\"wpb_text_column us_custom_ea76afbe\"><div class=\"wpb_wrapper\"><h5>\u00a1Reserva la fecha!<\/h5>\n<\/div><\/div><\/div><div class=\"w-separator size_medium\"><\/div><\/div><\/div><\/div><\/div><\/section>\n","protected":false},"excerpt":{"rendered":"","protected":false},"author":1,"featured_media":0,"parent":0,"menu_order":0,"comment_status":"closed","ping_status":"closed","template":"","meta":{"_acf_changed":false,"om_disable_all_campaigns":false,"_monsterinsights_skip_tracking":false,"_monsterinsights_sitenote_active":false,"_monsterinsights_sitenote_note":"","_monsterinsights_sitenote_category":0,"footnotes":""},"class_list":["post-771","page","type-page","status-publish","hentry"],"acf":[],"aioseo_notices":[],"_links":{"self":[{"href":"https:\/\/bihar.eus\/es\/wp-json\/wp\/v2\/pages\/771","targetHints":{"allow":["GET"]}}],"collection":[{"href":"https:\/\/bihar.eus\/es\/wp-json\/wp\/v2\/pages"}],"about":[{"href":"https:\/\/bihar.eus\/es\/wp-json\/wp\/v2\/types\/page"}],"author":[{"embeddable":true,"href":"https:\/\/bihar.eus\/es\/wp-json\/wp\/v2\/users\/1"}],"replies":[{"embeddable":true,"href":"https:\/\/bihar.eus\/es\/wp-json\/wp\/v2\/comments?post=771"}],"version-history":[{"count":6,"href":"https:\/\/bihar.eus\/es\/wp-json\/wp\/v2\/pages\/771\/revisions"}],"predecessor-version":[{"id":1417,"href":"https:\/\/bihar.eus\/es\/wp-json\/wp\/v2\/pages\/771\/revisions\/1417"}],"wp:attachment":[{"href":"https:\/\/bihar.eus\/es\/wp-json\/wp\/v2\/media?parent=771"}],"curies":[{"name":"wp","href":"https:\/\/api.w.org\/{rel}","templated":true}]}}