{"id":762,"date":"2025-09-23T12:44:12","date_gmt":"2025-09-23T11:44:12","guid":{"rendered":"https:\/\/bihar.eus\/?page_id=762"},"modified":"2026-04-17T10:58:27","modified_gmt":"2026-04-17T09:58:27","slug":"hasiera","status":"publish","type":"page","link":"https:\/\/bihar.eus\/es\/","title":{"rendered":"Hasiera"},"content":{"rendered":"<section class=\"l-section wpb_row height_auto width_full\"><div class=\"l-section-h i-cf\"><div class=\"g-cols vc_row via_grid cols_1 laptops-cols_inherit tablets-cols_inherit mobiles-cols_1 valign_top type_default stacking_default\"><div class=\"wpb_column vc_column_container us_custom_edb423b1\"><div class=\"vc_column-inner\"><div class=\"w-video hide_on_tablets hide_on_mobiles align_none ratio_21x9 has_iframe\"><div class=\"w-video-h\"><iframe title=\"Youtube video player\" src=\"\/\/www.youtube.com\/embed\/n-MbYXGvqYU?autoplay=1&controls=1&origin=https:\/\/bihar.eus\/es\/&loop=0&mute=1\" allowfullscreen=\"1\" loading=\"lazy\"><\/iframe><\/div><\/div><div class=\"w-video hide_on_default hide_on_laptops align_none ratio_1x1 has_iframe\"><div class=\"w-video-h\"><iframe title=\"Youtube video player\" src=\"\/\/www.youtube.com\/embed\/n-MbYXGvqYU?autoplay=1&controls=1&origin=https:\/\/bihar.eus\/es\/&loop=0&mute=1\" allowfullscreen=\"1\" loading=\"lazy\"><\/iframe><\/div><\/div><div class=\"w-btn-wrapper align_none\"><a class=\"w-btn us-btn-style_1 us_custom_b48575b8 icon_atright\" href=\"\/es\/#faseak\"><span class=\"w-btn-label\">Omitir el v\u00eddeo<\/span><i class=\"fas fa-arrow-down\"><\/i><\/a><\/div><div class=\"w-btn-wrapper align_none\"><a class=\"w-btn us-btn-style_1 us_custom_e27efa87 icon_atright\" href=\"\/es\/kongresua\/\"><span class=\"w-btn-label\">ACERCA DEL CONGRESO<\/span><i class=\"fas fa-angle-right\"><\/i><\/a><\/div><\/div><\/div><\/div><\/div><\/section><section class=\"l-section wpb_row height_large\" id=\"faseak\"><div class=\"l-section-h i-cf\"><div class=\"g-cols vc_row via_grid cols_3 laptops-cols_inherit tablets-cols_inherit mobiles-cols_1 valign_top type_default stacking_default\"><div class=\"wpb_column vc_column_container\"><div class=\"vc_column-inner\"><div class=\"w-vwrapper us_custom_2226f60c align_none valign_top\" style=\"--vwrapper-gap:0.2rem\"><div class=\"w-separator size_small\"><\/div><div class=\"w-separator size_small\"><\/div><h3 class=\"w-text us_custom_b440d71f\"><span class=\"w-text-h\"><span class=\"w-text-value\">Diagn\u00f3stico<\/span><\/span><\/h3><div class=\"w-separator size_small\"><\/div><div class=\"wpb_text_column us_custom_b440d71f\"><div class=\"wpb_wrapper\"><p>En 2025, hemos recopilado discursos de comunidades de todo el mundo que est\u00e1n revitalizando sus lenguas. En concreto, hemos analizado elementos narrativos de 70 comunidades ling\u00fc\u00edsticas, tomando la interseccionalidad como eje central. El resultado de este trabajo es un diagn\u00f3stico que identifica discursos internacionales para la revitalizaci\u00f3n ling\u00fc\u00edstica.<\/p>\n<\/div><\/div><div class=\"w-separator size_small\"><\/div><div class=\"w-separator size_small\"><\/div><span class=\"w-text us_custom_e4afccbb has_text_color\"><span class=\"w-text-h\"><span class=\"w-text-value\">01<\/span><\/span><\/span><div class=\"w-hwrapper us_custom_58f3270d valign_middle align_right has-link\" style=\"--hwrapper-gap:0rem\"><div class=\"w-text us_custom_af7b24a8 has_text_color\"><span class=\"w-text-h\"><span class=\"w-text-value\">Ver la p\u00e1gina<\/span><\/span><\/div><div class=\"w-image us_custom_a5e53327 has_height align_right\"><div class=\"w-image-h\"><img decoding=\"async\" width=\"101\" height=\"98\" src=\"https:\/\/bihar.eus\/wp-content\/uploads\/2026\/03\/Grupo-327.png\" class=\"attachment-large size-large\" alt=\"\" loading=\"lazy\" \/><\/div><\/div><a href=\"\/es\/diagnostikoa\/\" class=\"w-hwrapper-link smooth-scroll\" aria-label=\"Enlace\"><\/a><\/div><\/div><\/div><\/div><div class=\"wpb_column vc_column_container\"><div class=\"vc_column-inner\"><div class=\"w-vwrapper us_custom_2226f60c align_none valign_top\" style=\"--vwrapper-gap:0.2rem\"><div class=\"w-separator size_small\"><\/div><div class=\"w-separator size_small\"><\/div><h3 class=\"w-text\"><span class=\"w-text-h\"><span class=\"w-text-value\">Socializaci\u00f3n<\/span><\/span><\/h3><div class=\"w-separator size_small\"><\/div><div class=\"wpb_text_column\"><div class=\"wpb_wrapper\"><p><span>Los resultado<\/span>s del diagn\u00f3stico se compartir\u00e1n en la primavera de 2026 con agentes que trabajan a favor de la lengua vasca as\u00ed como con agentes implicados en otros movimientos sociales del Pa\u00eds Vasco. En total, se han organizado veinte sesiones de trabajo en todo el territorio, en las que participar\u00e1n m\u00e1s de 100 agentes. Para culminar estas sesiones, se celebrar\u00e1 un seminario conjunto. El reto de este proceso es vincular el proceso de revitalizaci\u00f3n ling\u00fc\u00edstica con otras reivindicaciones sociales.<\/p>\n<\/div><\/div><div class=\"w-separator size_small\"><\/div><div class=\"w-separator size_small\"><\/div><span class=\"w-text us_custom_e4afccbb has_text_color\"><span class=\"w-text-h\"><span class=\"w-text-value\">02<\/span><\/span><\/span><div class=\"w-hwrapper us_custom_58f3270d valign_middle align_right has-link\" style=\"--hwrapper-gap:0rem\"><div class=\"w-text us_custom_af7b24a8 has_text_color\"><span class=\"w-text-h\"><span class=\"w-text-value\">Ver la p\u00e1gina<\/span><\/span><\/div><div class=\"w-image us_custom_a5e53327 has_height align_right\"><div class=\"w-image-h\"><img decoding=\"async\" width=\"101\" height=\"98\" src=\"https:\/\/bihar.eus\/wp-content\/uploads\/2026\/03\/Grupo-327.png\" class=\"attachment-large size-large\" alt=\"\" loading=\"lazy\" \/><\/div><\/div><a href=\"\/es\/sozializazioa\/\" class=\"w-hwrapper-link smooth-scroll\" aria-label=\"Enlace\"><\/a><\/div><\/div><\/div><\/div><div class=\"wpb_column vc_column_container\"><div class=\"vc_column-inner\"><div class=\"w-vwrapper us_custom_2226f60c align_none valign_top\" style=\"--vwrapper-gap:0.2rem\"><div class=\"w-separator size_small\"><\/div><div class=\"w-separator size_small\"><\/div><h3 class=\"w-text\"><span class=\"w-text-h\"><span class=\"w-text-value\">Congreso<\/span><\/span><\/h3><div class=\"w-separator size_small\"><\/div><div class=\"wpb_text_column\"><div class=\"wpb_wrapper\"><p><span>En septiembre de 2026, y bas\u00e1ndose en el diagn\u00f3stico y en el proceso de socializaci\u00f3n, se organizar\u00e1 el Congreso Internacional BIHAR. Durante cuatro d\u00edas, expertas y expertos, activistas y artistas de todo el mundo se reunir\u00e1n entre Bilbao, Ir<\/span>un y Hendaya. El resultado de este eje es situar los discursos sobre la revitalizaci\u00f3n ling\u00fc\u00edstica en un marco global y transformador.<\/p>\n<\/div><\/div><div class=\"w-separator size_small\"><\/div><span class=\"w-text us_custom_e4afccbb has_text_color\"><span class=\"w-text-h\"><span class=\"w-text-value\">03<\/span><\/span><\/span><div class=\"w-hwrapper us_custom_58f3270d valign_middle align_right has-link\" style=\"--hwrapper-gap:0rem\"><div class=\"w-text us_custom_af7b24a8 has_text_color\"><span class=\"w-text-h\"><span class=\"w-text-value\">Ver la p\u00e1gina<\/span><\/span><\/div><div class=\"w-image us_custom_a5e53327 has_height align_right\"><div class=\"w-image-h\"><img decoding=\"async\" width=\"101\" height=\"98\" src=\"https:\/\/bihar.eus\/wp-content\/uploads\/2026\/03\/Grupo-327.png\" class=\"attachment-large size-large\" alt=\"\" loading=\"lazy\" \/><\/div><\/div><a href=\"\/es\/kongresua\/\" class=\"w-hwrapper-link smooth-scroll\" aria-label=\"Enlace\"><\/a><\/div><\/div><\/div><\/div><\/div><\/div><\/section><section class=\"l-section wpb_row us_custom_ae91f21c height_large\"><div class=\"l-section-h i-cf\"><div class=\"g-cols vc_row via_grid cols_2 laptops-cols_inherit tablets-cols_inherit mobiles-cols_1 valign_top type_default stacking_default\"><div class=\"wpb_column vc_column_container us_custom_364cb0cf\"><div class=\"vc_column-inner\"><div class=\"w-separator size_large\"><\/div><div class=\"wpb_text_column\"><div class=\"wpb_wrapper\"><h2>Lenguas que hacen emerger el futuro<\/h2>\n<\/div><\/div><div class=\"w-separator size_medium\"><\/div><div class=\"w-hwrapper valign_middle align_none\"><div class=\"w-image align_none\"><div class=\"w-image-h\"><img decoding=\"async\" width=\"48\" height=\"47\" src=\"https:\/\/bihar.eus\/wp-content\/uploads\/2026\/03\/Grupo-330.png\" class=\"attachment-large size-large\" alt=\"\" loading=\"lazy\" \/><\/div><\/div><p class=\"w-text\"><span class=\"w-text-h\"><span class=\"w-text-value\">Del 23 al 26 de septiembre de 2026<\/span><\/span><\/p><\/div><div class=\"w-separator size_custom\" style=\"height:.5rem\"><\/div><div class=\"w-hwrapper valign_middle align_none\"><div class=\"w-image align_none\"><div class=\"w-image-h\"><img decoding=\"async\" width=\"48\" height=\"46\" src=\"https:\/\/bihar.eus\/wp-content\/uploads\/2026\/03\/Grupo-329.png\" class=\"attachment-large size-large\" alt=\"\" loading=\"lazy\" \/><\/div><\/div><p class=\"w-text\"><span class=\"w-text-h\"><span class=\"w-text-value\">Bilbao, Ir\u00fan, Hendaya<\/span><\/span><\/p><\/div><div class=\"w-separator size_large\"><\/div><\/div><\/div><div class=\"wpb_column vc_column_container us_custom_de410e39 has_bg_color\"><div class=\"vc_column-inner\"><div class=\"w-vwrapper us_custom_a890fc89 align_none valign_top\" style=\"--vwrapper-gap:0.5rem\"><h2 class=\"w-text us_custom_8b3d6790 has_text_color\"><span class=\"w-text-h\"><span class=\"w-text-value\">\u00bfQuieres asistir al congreso?<\/span><\/span><\/h2><div class=\"w-text us_custom_1570956d has_text_color\"><span class=\"w-text-h\"><span class=\"w-text-value\">El plazo de inscripci\u00f3n se abrir\u00e1 el 11 de mayo<\/span><\/span><\/div><h3 class=\"w-text us_custom_6c990d54 has_text_color\"><span class=\"w-text-h\"><span class=\"w-text-value\">\u00a1Reserva la fecha!<\/span><\/span><\/h3><\/div><\/div><\/div><\/div><\/div><\/section><section class=\"l-section wpb_row height_small\"><div class=\"l-section-h i-cf\"><div class=\"g-cols vc_row via_grid cols_1 laptops-cols_inherit tablets-cols_inherit mobiles-cols_1 valign_top type_default stacking_default\"><div class=\"wpb_column vc_column_container\"><div class=\"vc_column-inner\"><\/div><\/div><\/div><\/div><\/section><section class=\"l-section wpb_row us_custom_de3ce8e8 height_large\"><div class=\"l-section-h i-cf\"><div class=\"g-cols vc_row via_grid cols_2 laptops-cols_inherit tablets-cols_inherit mobiles-cols_1 valign_middle type_default stacking_default\" style=\"--columns-gap:1.9rem;\"><div class=\"wpb_column vc_column_container us_custom_057801f8 has_bg_color\"><div class=\"vc_column-inner\"><div class=\"w-separator size_large\"><\/div><div class=\"w-separator size_small\"><\/div><div class=\"w-vwrapper us_custom_98ef1d82 align_none valign_middle\"><div class=\"wpb_text_column\"><div class=\"wpb_wrapper\"><h2>\u00bfQu\u00e9 es BIHAR?<\/h2>\n<\/div><\/div><div class=\"wpb_text_column us_custom_b440d71f\"><div class=\"wpb_wrapper\"><p>BIHAR es un proyecto que pone en el centro las <strong>narrativas o discursos<\/strong> sobre la revitalizaci\u00f3n de las lenguas. El proceso consta de tres fases principales:<\/p>\n<ul>\n<li>un <strong>diagn\u00f3stico<\/strong> internacional<\/li>\n<li>una <strong>socializaci\u00f3n<\/strong> a nivel del Pa\u00eds Vasco<\/li>\n<li>un <strong>congreso<\/strong> internacional<\/li>\n<\/ul>\n<\/div><\/div><div class=\"w-separator size_small\"><\/div><div class=\"w-btn-wrapper align_none\"><a class=\"w-btn us-btn-style_3 icon_atright\" href=\"\/es\/guri-buruz\/\"><span class=\"w-btn-label\">Sobre nosotros<\/span><i class=\"fas fa-angle-right\"><\/i><\/a><\/div><\/div><div class=\"w-separator size_large\"><\/div><\/div><\/div><div class=\"wpb_column vc_column_container us_custom_057801f8 has_bg_color\"><div class=\"vc_column-inner\"><div class=\"w-image align_none\"><div class=\"w-image-h\"><img decoding=\"async\" width=\"800\" height=\"450\" src=\"https:\/\/bihar.eus\/wp-content\/uploads\/2026\/03\/bihar-animazioa-2_1.gif\" class=\"attachment-large size-large\" alt=\"\" loading=\"lazy\" \/><\/div><\/div><\/div><\/div><\/div><\/div><\/section>\n","protected":false},"excerpt":{"rendered":"Omitir el v\u00eddeoACERCA DEL CONGRESODiagn\u00f3sticoEn 2025, hemos recopilado discursos de comunidades de todo el mundo que est\u00e1n revitalizando sus lenguas. En concreto, hemos analizado elementos narrativos de 70 comunidades ling\u00fc\u00edsticas, tomando la interseccionalidad como eje central. El resultado de este trabajo es un diagn\u00f3stico que identifica discursos internacionales para la revitalizaci\u00f3n ling\u00fc\u00edstica. 01Ver la p\u00e1ginaSocializaci\u00f3nLos...","protected":false},"author":1,"featured_media":0,"parent":0,"menu_order":0,"comment_status":"closed","ping_status":"closed","template":"","meta":{"_acf_changed":false,"om_disable_all_campaigns":false,"_monsterinsights_skip_tracking":false,"_monsterinsights_sitenote_active":false,"_monsterinsights_sitenote_note":"","_monsterinsights_sitenote_category":0,"footnotes":""},"class_list":["post-762","page","type-page","status-publish","hentry"],"acf":[],"aioseo_notices":[],"_links":{"self":[{"href":"https:\/\/bihar.eus\/es\/wp-json\/wp\/v2\/pages\/762","targetHints":{"allow":["GET"]}}],"collection":[{"href":"https:\/\/bihar.eus\/es\/wp-json\/wp\/v2\/pages"}],"about":[{"href":"https:\/\/bihar.eus\/es\/wp-json\/wp\/v2\/types\/page"}],"author":[{"embeddable":true,"href":"https:\/\/bihar.eus\/es\/wp-json\/wp\/v2\/users\/1"}],"replies":[{"embeddable":true,"href":"https:\/\/bihar.eus\/es\/wp-json\/wp\/v2\/comments?post=762"}],"version-history":[{"count":8,"href":"https:\/\/bihar.eus\/es\/wp-json\/wp\/v2\/pages\/762\/revisions"}],"predecessor-version":[{"id":1450,"href":"https:\/\/bihar.eus\/es\/wp-json\/wp\/v2\/pages\/762\/revisions\/1450"}],"wp:attachment":[{"href":"https:\/\/bihar.eus\/es\/wp-json\/wp\/v2\/media?parent=762"}],"curies":[{"name":"wp","href":"https:\/\/api.w.org\/{rel}","templated":true}]}}