{"id":1129,"date":"2026-02-18T12:12:48","date_gmt":"2026-02-18T11:12:48","guid":{"rendered":"https:\/\/bihar.eus\/?page_id=1129"},"modified":"2026-04-13T12:49:24","modified_gmt":"2026-04-13T11:49:24","slug":"politica-de-privacidad","status":"publish","type":"page","link":"https:\/\/bihar.eus\/es\/politica-de-privacidad\/","title":{"rendered":"Pol\u00edtica de privacidad"},"content":{"rendered":"<h1>POL\u00cdTICA DE PRIVACIDAD<\/h1>\n<p>La presente pol\u00edtica de privacidad tiene por objeto informar sobre los tratamientos de datos personales en este sitio web y describir los derechos de asistencia a los interesados, de conformidad con el Reglamento (UE) 2016\/679 del Parlamento Europeo y del Consejo, de 27 de abril de 2016, relativo a la protecci\u00f3n de las personas f\u00edsicas en lo que respecta al tratamiento de datos personales y a la libre circulaci\u00f3n de estos datos, y la protecci\u00f3n de los datos personales y garant\u00eda de los derechos digitales, de conformidad con la Ley Org\u00e1nica 3\/2018, de 5 de diciembre.<br \/>\n<span>\u00a0<\/span><br \/>\n<span>\u00a0<\/span><strong>\u00bfQui\u00e9n es el responsable del tratamiento de sus datos personales?<\/strong><\/p>\n<p>NOMBRE DE LA ENTIDAD<\/p>\n<p>NIF<\/p>\n<p>Direcci\u00f3n<\/p>\n<p>Tel\u00e9fono<br \/>\n<span>\u00a0<\/span><a href=\"mailto:kultura@euskadi.eus\"><u>Correo<\/u><\/a><u> electr\u00f3nico<\/u><\/p>\n<p><strong>\u00bfCon qu\u00e9 finalidad <\/strong><strong>recabamos<\/strong><strong> sus datos?<\/strong><\/p>\n<p>NOMBRE DE LA ENTIDAD\u00a0almacena estos datos con la finalidad de XXX<\/p>\n<p><strong>\u00bfDurante <\/strong><strong>cu\u00e1nto<\/strong><strong> tiempo se almacenan los datos?<\/strong><\/p>\n<p>Mientras no ordene que se retiren,\u00a0sus datos se almacenar\u00e1n en el fichero XXX\u00a0de NOMBRE DE LA ENTIDAD<\/p>\n<p><strong>\u00bfQu\u00e9 nos legitima a utilizar sus datos?<\/strong><\/p>\n<p>La base legal para el\u00a0tratamiento de los datos recabados a trav\u00e9s de la web\u00a0<a href=\"https:\/\/www.getxoztarrak.eus\/\">www.<\/a> de\u00a0NOMBRE DE LA ENTIDAD es la siguiente:<\/p>\n<ol>\n<li>a<strong>.\u00a0<\/strong>El consentimiento expreso que nos ha dado al inscribirse.<\/li>\n<\/ol>\n<p><strong>\u00bfA qui\u00e9n se le <\/strong><strong>ceder\u00e1n <\/strong><strong>sus datos?<\/strong><\/p>\n<p>NOMBRE DE LA ENTIDAD\u00a0no pondr\u00e1 estos datos a disposici\u00f3n de terceros.<\/p>\n<p><strong>\u00bfCu\u00e1les son sus derechos cuando nos <\/strong><strong>facilita <\/strong><strong>sus datos personales?<\/strong><\/p>\n<p>La persona que proporcione sus datos podr\u00e1 ejercer los siguientes derechos sobre los mismos:<\/p>\n<p><u><em>Derecho de acceso:<\/em><\/u>\u00a0La persona que facilite sus datos a NOMBRE DE LA ENTIDAD\u00a0podr\u00e1 solicitarle dichos datos para confirmar que est\u00e1 tratando sus datos personales.<\/p>\n<p><u><em>Derecho de rectificaci\u00f3n:<\/em><\/u> La persona que facilite sus datos podr\u00e1 solicitar la rectificaci\u00f3n de sus datos personales a\u00a0NOMBRE DE LA ENTIDAD,\u00a0si estos no son correctos o no est\u00e1n completos.<\/p>\n<p><u><em>Derecho de supresi\u00f3n:<\/em><\/u> La persona que facilite sus datos podr\u00e1 solicitar a NOMBRE DE LA ENTIDAD\u00a0la supresi\u00f3n de sus datos personales, entre otros casos, cuando ya no sean necesarios para los objetivos para los que se recabaron.<\/p>\n<p><u><em>Derecho de oposici\u00f3n:<\/em><\/u> La persona que facilite sus datos puede oponerse a que\u00a0NOMBRE DE LA ENTIDAD\u00a0trate sus datos personales. En ese caso,\u00a0NOMBRE DE LA ENTIDAD\u00a0solo los conservar\u00e1 para hacer reclamaciones o para protegerse de ellas.<\/p>\n<p><u><em>Derecho a <\/em><\/u><u><em>limitar el <\/em><\/u><u><em>tratamiento<\/em><\/u><u><em>:<\/em><\/u>\u00a0La persona que facilite sus datos\u00a0puede solicitar a NOMBRE DE LA ENTIDAD\u00a0que no utilice sus datos personales de forma provisional y para usos espec\u00edficos. En ese caso,\u00a0NOMBRE DE LA ENTIDAD\u00a0solo los conservar\u00e1 para hacer reclamaciones o para protegerse de ellas.<\/p>\n<p><u><em>Derecho a la portabilidad:<\/em><\/u>\u00a0La persona que facilite sus datos podr\u00e1 solicitar a NOMBRE DE LA ENTIDAD\u00a0que facilite sus datos en un formato estructurado y de f\u00e1cil acceso. Del mismo modo, podr\u00e1 solicitarle que le entregue sus datos a otro responsable.<\/p>\n<p><u><em>Derecho a <\/em><\/u><u><em>revocar el consentimiento<\/em><\/u><u><em>:<\/em><\/u>\u00a0Si los datos personales se han obtenido con consentimiento expreso, la persona que facilite sus datos tendr\u00e1 derecho a revocar ese consentimiento en cualquier momento.<\/p>\n<p><u><em>Derecho a presentar reclamaciones:<\/em><\/u>\u00a0La persona que facilite sus datos tendr\u00e1 derecho a presentar una reclamaci\u00f3n ante la Agencia Espa\u00f1ola de Protecci\u00f3n de Datos, en particular si considera que el ejercicio de sus derechos no ha sido adecuado. Dicha reclamaci\u00f3n puede realizarse por v\u00eda telem\u00e1tica, a trav\u00e9s de la sede electr\u00f3nica (<a href=\"https:\/\/www.agpd.es\/\">www.agpd.es<\/a>) o dirigi\u00e9ndose a la siguiente direcci\u00f3n (C\/ Jorge Juan, 6, 28001-Madrid)<\/p>\n<p>Para ejercer cualquiera de estos derechos, la persona que facilite sus datos puede dirigirse a la direcci\u00f3n postal o la direcci\u00f3n electr\u00f3nica de NOMBRE DE LA ENTIDAD,\u00a0presentando una copia del DNI para poder comprobar su identidad.<\/p>\n<p>&nbsp;<\/p>\n<p>MODELO PARA ADJUNTAR AL FORMULARIO<\/p>\n<p><a href=\"https:\/\/www.euskarabildua.eus\/euskara\/izena-eman\"><u>https:\/\/www.euskarabildua.eus\/euskara\/izena-eman<\/u><\/a><\/p>\n<p><strong>Inscribirse<\/strong><\/p>\n<p>La inscripci\u00f3n est\u00e1 cerrada. Si desea recibir informaci\u00f3n sobre la jornada de este a\u00f1o deje su direcci\u00f3n de correo electr\u00f3nico.<\/p>\n<p>Rellene los siguientes campos. Los que tienen \u00ab*\u00bb son de obligado cumplimiento.<\/p>\n<p>Inprimakiaren hasiera<\/p>\n<p>Nombre *<\/p>\n<p>Correo electr\u00f3nico *<\/p>\n<p>&nbsp;<\/p>\n<p>Los datos facilitados a trav\u00e9s de este formulario ser\u00e1n recogidos por Iametza, como responsable de su tratamiento. Estos datos servir\u00e1n para informar sobre la jornada Euskarabildua. Puede acceder, rectificar o borrar sus datos tal y como se especifica en la <a href=\"https:\/\/www.euskarabildua.eus\/euskara\/datuen-babeserako-legea\"><u>Ley de <\/u><u>Protecci\u00f3n<\/u><u> de Datos<\/u><\/a>.<\/p>\n<p>Inprimakiaren amaiera<\/p>\n<p>&nbsp;<\/p>\n<p>&nbsp;<\/p>\n<p>&nbsp;<\/p>\n","protected":false},"excerpt":{"rendered":"<p>POL\u00cdTICA DE PRIVACIDAD La presente pol\u00edtica de privacidad tiene por objeto informar sobre los tratamientos de datos personales en este sitio web y describir los derechos de asistencia a los interesados, de conformidad con el Reglamento (UE) 2016\/679 del Parlamento Europeo y del Consejo, de 27 de abril de 2016, relativo a la protecci\u00f3n de&#8230;<\/p>\n","protected":false},"author":1,"featured_media":0,"parent":0,"menu_order":0,"comment_status":"closed","ping_status":"open","template":"","meta":{"_acf_changed":false,"om_disable_all_campaigns":false,"_monsterinsights_skip_tracking":false,"_monsterinsights_sitenote_active":false,"_monsterinsights_sitenote_note":"","_monsterinsights_sitenote_category":0,"footnotes":""},"class_list":["post-1129","page","type-page","status-publish","hentry"],"acf":[],"aioseo_notices":[],"_links":{"self":[{"href":"https:\/\/bihar.eus\/es\/wp-json\/wp\/v2\/pages\/1129","targetHints":{"allow":["GET"]}}],"collection":[{"href":"https:\/\/bihar.eus\/es\/wp-json\/wp\/v2\/pages"}],"about":[{"href":"https:\/\/bihar.eus\/es\/wp-json\/wp\/v2\/types\/page"}],"author":[{"embeddable":true,"href":"https:\/\/bihar.eus\/es\/wp-json\/wp\/v2\/users\/1"}],"replies":[{"embeddable":true,"href":"https:\/\/bihar.eus\/es\/wp-json\/wp\/v2\/comments?post=1129"}],"version-history":[{"count":2,"href":"https:\/\/bihar.eus\/es\/wp-json\/wp\/v2\/pages\/1129\/revisions"}],"predecessor-version":[{"id":1172,"href":"https:\/\/bihar.eus\/es\/wp-json\/wp\/v2\/pages\/1129\/revisions\/1172"}],"wp:attachment":[{"href":"https:\/\/bihar.eus\/es\/wp-json\/wp\/v2\/media?parent=1129"}],"curies":[{"name":"wp","href":"https:\/\/api.w.org\/{rel}","templated":true}]}}