{"id":905,"date":"2026-03-26T11:03:37","date_gmt":"2026-03-26T10:03:37","guid":{"rendered":"https:\/\/bihar.eus\/?page_id=905"},"modified":"2026-04-16T14:38:25","modified_gmt":"2026-04-16T13:38:25","slug":"diagnostikoa","status":"publish","type":"page","link":"https:\/\/bihar.eus\/en\/diagnostikoa\/","title":{"rendered":"DIAGNOSIS"},"content":{"rendered":"<section class=\"l-section wpb_row height_small\"><div class=\"l-section-h i-cf\"><div class=\"g-cols vc_row via_grid cols_1 laptops-cols_inherit tablets-cols_inherit mobiles-cols_1 valign_middle type_default stacking_default\"><div class=\"wpb_column vc_column_container\"><div class=\"vc_column-inner\"><div class=\"w-separator size_small\"><\/div><div class=\"wpb_text_column\"><div class=\"wpb_wrapper\"><h1>Diagnosis<\/h1>\n<\/div><\/div><div class=\"wpb_text_column\"><div class=\"wpb_wrapper\"><h5>International Discourse for the Revitalization of Languages<\/h5>\n<\/div><\/div><div class=\"w-separator size_small\"><\/div><div class=\"wpb_text_column\"><div class=\"wpb_wrapper\"><p>In 2025, we gathered discourses related to languages undergoing revitalization worldwide. Voices from various active language communities were collected, particularly in contexts of minoritised languages engaged in revitalization processes.<\/p>\n<\/div><\/div><div class=\"w-separator size_small\"><\/div><div class=\"w-separator size_small\"><\/div><\/div><\/div><\/div><\/div><\/section><section class=\"l-section wpb_row height_auto\"><div class=\"l-section-h i-cf\"><div class=\"g-cols vc_row via_grid cols_2 laptops-cols_inherit tablets-cols_inherit mobiles-cols_1 valign_middle type_default stacking_default\" style=\"--columns-gap:0rem;\"><div class=\"wpb_column vc_column_container us_custom_84e0aa9b\"><div class=\"vc_column-inner\"><div class=\"w-separator size_small\"><\/div><div class=\"wpb_text_column\"><div class=\"wpb_wrapper\"><h3>Around 70 language communities across five continents were analyzed<\/h3>\n<p>In total, discourses from around 70 language communities across five continents were analyzed from an intersectional perspective. Some of these languages include Aymara, Bubi, Quechua, Kurdish, M\u0101ori, Santali, Sen\u0107o\u0167en, Nquiyaampaa, Tonga, Balinese, Frisian, Dumi, Catalan, Hawaiian, Maasai, Mapuche, among others.<\/p>\n<\/div><\/div><\/div><\/div><div class=\"wpb_column vc_column_container\"><div class=\"vc_column-inner\"><div class=\"w-image align_none\"><div class=\"w-image-h\"><img decoding=\"async\" width=\"638\" height=\"573\" src=\"https:\/\/bihar.eus\/wp-content\/uploads\/2026\/03\/Enmascarar-grupo-2.png\" class=\"attachment-large size-large\" alt=\"\" loading=\"lazy\" srcset=\"https:\/\/bihar.eus\/wp-content\/uploads\/2026\/03\/Enmascarar-grupo-2.png 638w, https:\/\/bihar.eus\/wp-content\/uploads\/2026\/03\/Enmascarar-grupo-2-300x269.png 300w\" sizes=\"auto, (max-width: 638px) 100vw, 638px\" \/><\/div><\/div><\/div><\/div><\/div><\/div><\/section><section class=\"l-section wpb_row height_auto\"><div class=\"l-section-h i-cf\"><div class=\"g-cols vc_row via_grid cols_2 laptops-cols_inherit tablets-cols_inherit mobiles-cols_1 valign_middle type_default stacking_default\" style=\"--columns-gap:0rem;\"><div class=\"wpb_column vc_column_container\"><div class=\"vc_column-inner\"><div class=\"w-image align_none\"><div class=\"w-image-h\"><img decoding=\"async\" width=\"651\" height=\"389\" src=\"https:\/\/bihar.eus\/wp-content\/uploads\/2026\/03\/Grupo-16.png\" class=\"attachment-large size-large\" alt=\"\" loading=\"lazy\" srcset=\"https:\/\/bihar.eus\/wp-content\/uploads\/2026\/03\/Grupo-16.png 651w, https:\/\/bihar.eus\/wp-content\/uploads\/2026\/03\/Grupo-16-300x179.png 300w\" sizes=\"auto, (max-width: 651px) 100vw, 651px\" \/><\/div><\/div><\/div><\/div><div class=\"wpb_column vc_column_container us_custom_9fdfc668\"><div class=\"vc_column-inner\"><div class=\"w-separator size_small\"><\/div><div class=\"wpb_text_column\"><div class=\"wpb_wrapper\"><h3>In-depth interviews and focus groups<\/h3>\n<p>The research prioritized qualitative methods, including in-depth interviews and focus groups. Additionally, a sidnificant number of documents produced by organizations and speaker communities were analyzed.<\/p>\n<\/div><\/div><\/div><\/div><\/div><\/div><\/section><section class=\"l-section wpb_row height_auto\"><div class=\"l-section-h i-cf\"><div class=\"g-cols vc_row via_grid cols_2 laptops-cols_inherit tablets-cols_inherit mobiles-cols_1 valign_middle type_default stacking_default\" style=\"--columns-gap:0rem;\"><div class=\"wpb_column vc_column_container us_custom_84e0aa9b\"><div class=\"vc_column-inner\"><div class=\"w-separator size_small\"><\/div><div class=\"wpb_text_column\"><div class=\"wpb_wrapper\"><h3>Understanding the work of key actors<\/h3>\n<p>The goal was to identify key narrative elements by understanding the work of key actors. The result is a <em>diagnosis of international discourses on language revitalization.<\/em><\/p>\n<\/div><\/div><\/div><\/div><div class=\"wpb_column vc_column_container\"><div class=\"vc_column-inner\"><div class=\"w-image align_none\"><div class=\"w-image-h\"><img decoding=\"async\" width=\"1024\" height=\"682\" src=\"https:\/\/bihar.eus\/wp-content\/uploads\/2026\/04\/529-1-1024x682.jpg\" class=\"attachment-large size-large\" alt=\"\" loading=\"lazy\" srcset=\"https:\/\/bihar.eus\/wp-content\/uploads\/2026\/04\/529-1-1024x682.jpg 1024w, https:\/\/bihar.eus\/wp-content\/uploads\/2026\/04\/529-1-300x200.jpg 300w, https:\/\/bihar.eus\/wp-content\/uploads\/2026\/04\/529-1.jpg 2000w\" sizes=\"auto, (max-width: 1024px) 100vw, 1024px\" \/><\/div><\/div><\/div><\/div><\/div><\/div><\/section><section class=\"l-section wpb_row height_large\"><div class=\"l-section-h i-cf\"><div class=\"g-cols vc_row via_grid cols_1 laptops-cols_inherit tablets-cols_inherit mobiles-cols_1 valign_top type_default stacking_default\"><div class=\"wpb_column vc_column_container\"><div class=\"vc_column-inner\"><\/div><\/div><\/div><\/div><\/section><section class=\"l-section wpb_row us_custom_6c165868 height_auto\"><div class=\"l-section-h i-cf\"><div class=\"g-cols vc_row via_grid cols_1 laptops-cols_inherit tablets-cols_inherit mobiles-cols_1 valign_middle type_default stacking_default\" style=\"--columns-gap:0rem;\"><div class=\"wpb_column vc_column_container us_custom_84e0aa9b\"><div class=\"vc_column-inner\"><div class=\"w-separator size_small\"><\/div><div class=\"wpb_text_column\"><div class=\"wpb_wrapper\"><p style=\"text-align: center;\">Collaboration<em>\u00a0<\/em>with several organizations was essential: : First People\u2019s Cultural Council (FPCC), Endangered Languages Project (ELP), Associaci\u00f3 Linguapax Internacional, la C\u00e1tedra UNESCO del Patrimonio Ling\u00fc\u00edstico Mundial de la Universidad del Pa\u00eds Vasco (EHU) and the gathering of young speakers of minoritised languages (HIGA).<\/p>\n<\/div><\/div><div class=\"w-separator size_small\"><\/div><div class=\"w-hwrapper valign_middle align_justify\" style=\"--hwrapper-gap:2.2rem\"><div class=\"w-image us_custom_3000a3fb align_none\"><div class=\"w-image-h\"><img decoding=\"async\" width=\"1024\" height=\"190\" src=\"https:\/\/bihar.eus\/wp-content\/uploads\/2026\/04\/FPCC_Logo_Horizontal-RGB_BorrealGreen-1024x190.png\" class=\"attachment-large size-large\" alt=\"\" loading=\"lazy\" srcset=\"https:\/\/bihar.eus\/wp-content\/uploads\/2026\/04\/FPCC_Logo_Horizontal-RGB_BorrealGreen-1024x190.png 1024w, https:\/\/bihar.eus\/wp-content\/uploads\/2026\/04\/FPCC_Logo_Horizontal-RGB_BorrealGreen-300x56.png 300w\" sizes=\"auto, (max-width: 1024px) 100vw, 1024px\" \/><\/div><\/div><div class=\"w-image us_custom_3000a3fb align_none\"><div class=\"w-image-h\"><img decoding=\"async\" width=\"892\" height=\"289\" src=\"https:\/\/bihar.eus\/wp-content\/uploads\/2026\/04\/ELP-Logo-black-1.png\" class=\"attachment-large size-large\" alt=\"\" loading=\"lazy\" srcset=\"https:\/\/bihar.eus\/wp-content\/uploads\/2026\/04\/ELP-Logo-black-1.png 892w, https:\/\/bihar.eus\/wp-content\/uploads\/2026\/04\/ELP-Logo-black-1-300x97.png 300w\" sizes=\"auto, (max-width: 892px) 100vw, 892px\" \/><\/div><\/div><div class=\"w-image us_custom_4c618620 align_none\"><div class=\"w-image-h\"><img decoding=\"async\" width=\"500\" height=\"500\" src=\"https:\/\/bihar.eus\/wp-content\/uploads\/2026\/04\/linguapax_logo.png\" class=\"attachment-large size-large\" alt=\"\" loading=\"lazy\" srcset=\"https:\/\/bihar.eus\/wp-content\/uploads\/2026\/04\/linguapax_logo.png 500w, https:\/\/bihar.eus\/wp-content\/uploads\/2026\/04\/linguapax_logo-300x300.png 300w, https:\/\/bihar.eus\/wp-content\/uploads\/2026\/04\/linguapax_logo-150x150.png 150w\" sizes=\"auto, (max-width: 500px) 100vw, 500px\" \/><\/div><\/div><div class=\"w-image us_custom_f0b9c96d align_none\"><div class=\"w-image-h\"><img decoding=\"async\" width=\"1024\" height=\"316\" src=\"https:\/\/bihar.eus\/wp-content\/uploads\/2026\/04\/LOGO-Catedra-UNESCO-de-Patrimonio-Linguistico-Mundial_alta-1024x316.png\" class=\"attachment-large size-large\" alt=\"\" loading=\"lazy\" srcset=\"https:\/\/bihar.eus\/wp-content\/uploads\/2026\/04\/LOGO-Catedra-UNESCO-de-Patrimonio-Linguistico-Mundial_alta-1024x316.png 1024w, https:\/\/bihar.eus\/wp-content\/uploads\/2026\/04\/LOGO-Catedra-UNESCO-de-Patrimonio-Linguistico-Mundial_alta-300x92.png 300w\" sizes=\"auto, (max-width: 1024px) 100vw, 1024px\" \/><\/div><\/div><div class=\"w-image us_custom_2c3d336b align_none\"><div class=\"w-image-h\"><img decoding=\"async\" width=\"1024\" height=\"627\" src=\"https:\/\/bihar.eus\/wp-content\/uploads\/2026\/04\/Logo-simpletua-1024x627.png\" class=\"attachment-large size-large\" alt=\"\" loading=\"lazy\" srcset=\"https:\/\/bihar.eus\/wp-content\/uploads\/2026\/04\/Logo-simpletua-1024x627.png 1024w, https:\/\/bihar.eus\/wp-content\/uploads\/2026\/04\/Logo-simpletua-300x184.png 300w\" sizes=\"auto, (max-width: 1024px) 100vw, 1024px\" \/><\/div><\/div><\/div><div class=\"w-separator size_small\"><\/div><\/div><\/div><\/div><\/div><\/section>\n","protected":false},"excerpt":{"rendered":"Diagnosis International Discourse for the Revitalization of Languages In 2025, we gathered discourses related to languages undergoing revitalization worldwide. Voices from various active language communities were collected, particularly in contexts of minoritised languages engaged in revitalization processes. Around 70 language communities across five continents were analyzed In total, discourses from around 70 language communities across...","protected":false},"author":1,"featured_media":0,"parent":0,"menu_order":0,"comment_status":"closed","ping_status":"closed","template":"","meta":{"_acf_changed":false,"om_disable_all_campaigns":false,"_monsterinsights_skip_tracking":false,"_monsterinsights_sitenote_active":false,"_monsterinsights_sitenote_note":"","_monsterinsights_sitenote_category":0,"footnotes":""},"class_list":["post-905","page","type-page","status-publish","hentry"],"acf":[],"aioseo_notices":[],"_links":{"self":[{"href":"https:\/\/bihar.eus\/en\/wp-json\/wp\/v2\/pages\/905","targetHints":{"allow":["GET"]}}],"collection":[{"href":"https:\/\/bihar.eus\/en\/wp-json\/wp\/v2\/pages"}],"about":[{"href":"https:\/\/bihar.eus\/en\/wp-json\/wp\/v2\/types\/page"}],"author":[{"embeddable":true,"href":"https:\/\/bihar.eus\/en\/wp-json\/wp\/v2\/users\/1"}],"replies":[{"embeddable":true,"href":"https:\/\/bihar.eus\/en\/wp-json\/wp\/v2\/comments?post=905"}],"version-history":[{"count":6,"href":"https:\/\/bihar.eus\/en\/wp-json\/wp\/v2\/pages\/905\/revisions"}],"predecessor-version":[{"id":1424,"href":"https:\/\/bihar.eus\/en\/wp-json\/wp\/v2\/pages\/905\/revisions\/1424"}],"wp:attachment":[{"href":"https:\/\/bihar.eus\/en\/wp-json\/wp\/v2\/media?parent=905"}],"curies":[{"name":"wp","href":"https:\/\/api.w.org\/{rel}","templated":true}]}}