{"id":891,"date":"2026-03-23T12:26:26","date_gmt":"2026-03-23T11:26:26","guid":{"rendered":"https:\/\/bihar.eus\/?page_id=891"},"modified":"2026-04-16T14:36:38","modified_gmt":"2026-04-16T13:36:38","slug":"kongresua","status":"publish","type":"page","link":"https:\/\/bihar.eus\/en\/kongresua\/","title":{"rendered":"CONGRESS"},"content":{"rendered":"<section class=\"l-section wpb_row height_small\"><div class=\"l-section-h i-cf\"><div class=\"g-cols vc_row via_grid cols_1 laptops-cols_inherit tablets-cols_inherit mobiles-cols_1 valign_top type_default stacking_default\"><div class=\"wpb_column vc_column_container\"><div class=\"vc_column-inner\"><h1 class=\"w-post-elm post_title us_custom_2774bef1 entry-title color_link_inherit\">CONGRESS<\/h1><div class=\"wpb_text_column us_custom_9eee4631\"><div class=\"wpb_wrapper\"><h5><span>Languages shaping the future<\/span><\/h5>\n<\/div><\/div><div class=\"w-separator size_small\"><\/div><div class=\"wpb_text_column us_custom_9eee4631\"><div class=\"wpb_wrapper\"><p>From September 23 to 26, 2026, the Basque Country will host the International\u00a0 Congress of Minority Language Communities Undergoing Revitalization. Under the slogan <em>Languages shaping the future<\/em>, the congress aims to bring together diverse language communities from around the world to reflect on revitalization discourses and to position them globally in a transformative way.<\/p>\n<p>For four days, global experts, activists and artists wiill gather between Bilbao, Irun and Hendaye. The lessons, discourses and experiences collected in the previous phases (diagnosis and socialization) will be brought to the forefront through a rich program, combining lectures, roundtables, workshops and artistic cultural events.<\/p>\n<\/div><\/div><div class=\"w-separator size_large\"><\/div><\/div><\/div><\/div><\/div><\/section><section class=\"l-section wpb_row us_custom_c70c97eb height_small\"><div class=\"l-section-h i-cf\"><div class=\"g-cols vc_row via_grid cols_1-2 laptops-cols_inherit tablets-cols_inherit mobiles-cols_1 valign_middle type_default stacking_default\"><div class=\"wpb_column vc_column_container\"><div class=\"vc_column-inner\"><div class=\"w-separator size_large\"><\/div><div class=\"wpb_text_column us_custom_9eee4631\"><div class=\"wpb_wrapper\"><h2>Topics<\/h2>\n<\/div><\/div><div class=\"wpb_text_column us_custom_9eee4631\"><div class=\"wpb_wrapper\"><h5>Topics to be adressed include:<\/h5>\n<\/div><\/div><div class=\"w-separator size_small\"><\/div><div class=\"w-separator size_large\"><\/div><\/div><\/div><div class=\"wpb_column vc_column_container\"><div class=\"vc_column-inner\"><div class=\"w-separator size_large\"><\/div><div class=\"w-grid us_post_carousel type_carousel layout_174 preload_style_spinner\" id=\"us_post_list_q081\" style=\"--gap:0.9rem;\"><style>.layout_174 .w-grid-item-h{}.layout_174 .usg_vwrapper_1{background:var(--color-header-middle-bg)!important;padding:3rem 5rem 3rem 5rem!important}<\/style><div class=\"w-grid-list owl-carousel valign_middle dotstyle_circle navstyle_circle arrows-ver-pos_middle arrows-hor-pos_on_sides_outside arrows-disabled_hide owl-responsive-2000 with_arrows\" style=\"--transition-duration:350ms;--arrows-size:1.5rem;--arrows-gap:10px;\">\t<article class=\"w-grid-item size_1x1 post-898 us_testimonial type-us_testimonial status-publish hentry\" data-id=\"898\">\r\n\t\t<div class=\"w-grid-item-h\">\r\n\t\t\t\t\t\t\t<a href=\"#\" class=\"w-grid-item-anchor\" aria-label=\"Why a project focused on minority language revitalization discourses?\"><\/a>\r\n\t\t\t\t\t\t<div class=\"w-vwrapper usg_vwrapper_1 align_none valign_top\"><h2 class=\"w-post-elm post_title usg_post_title_1 entry-title color_link_inherit\">Why a project focused on minority language revitalization discourses?<\/h2><\/div>\t\t<\/div>\r\n\t\t\t<\/article>\r\n\t<article class=\"w-grid-item size_1x1 post-903 us_testimonial type-us_testimonial status-publish hentry\" data-id=\"903\">\r\n\t\t<div class=\"w-grid-item-h\">\r\n\t\t\t\t\t\t\t<a href=\"#\" class=\"w-grid-item-anchor\" aria-label=\"Active narrative and discourse elements of minority language communities undergoing revitalization worldwide.\"><\/a>\r\n\t\t\t\t\t\t<div class=\"w-vwrapper usg_vwrapper_1 align_none valign_top\"><h2 class=\"w-post-elm post_title usg_post_title_1 entry-title color_link_inherit\">Active narrative and discourse elements of minority language communities undergoing revitalization worldwide.<\/h2><\/div>\t\t<\/div>\r\n\t\t\t<\/article>\r\n\t<article class=\"w-grid-item size_1x1 post-899 us_testimonial type-us_testimonial status-publish hentry\" data-id=\"899\">\r\n\t\t<div class=\"w-grid-item-h\">\r\n\t\t\t\t\t\t\t<a href=\"#\" class=\"w-grid-item-anchor\" aria-label=\"Connections between language revitalization and other social demands\"><\/a>\r\n\t\t\t\t\t\t<div class=\"w-vwrapper usg_vwrapper_1 align_none valign_top\"><h2 class=\"w-post-elm post_title usg_post_title_1 entry-title color_link_inherit\">Connections between language revitalization and other social demands<\/h2><\/div>\t\t<\/div>\r\n\t\t\t<\/article>\r\n\t<article class=\"w-grid-item size_1x1 post-900 us_testimonial type-us_testimonial status-publish hentry\" data-id=\"900\">\r\n\t\t<div class=\"w-grid-item-h\">\r\n\t\t\t\t\t\t\t<a href=\"#\" class=\"w-grid-item-anchor\" aria-label=\"The shift from victimization to agency through reparation processes.\"><\/a>\r\n\t\t\t\t\t\t<div class=\"w-vwrapper usg_vwrapper_1 align_none valign_top\"><h2 class=\"w-post-elm post_title usg_post_title_1 entry-title color_link_inherit\">The shift from victimization to agency through reparation processes.<\/h2><\/div>\t\t<\/div>\r\n\t\t\t<\/article>\r\n\t<article class=\"w-grid-item size_1x1 post-901 us_testimonial type-us_testimonial status-publish hentry\" data-id=\"901\">\r\n\t\t<div class=\"w-grid-item-h\">\r\n\t\t\t\t\t\t\t<a href=\"#\" class=\"w-grid-item-anchor\" aria-label=\"Collective responsability in language revitalization.\"><\/a>\r\n\t\t\t\t\t\t<div class=\"w-vwrapper usg_vwrapper_1 align_none valign_top\"><h2 class=\"w-post-elm post_title usg_post_title_1 entry-title color_link_inherit\">Collective responsability in language revitalization.<\/h2><\/div>\t\t<\/div>\r\n\t\t\t<\/article>\r\n<\/div><div class=\"w-grid-carousel-json hidden\" onclick='return {&quot;carousel_settings&quot;:{&quot;aria_labels&quot;:{&quot;prev&quot;:&quot;Previous&quot;,&quot;next&quot;:&quot;Next&quot;},&quot;autoplayContinual&quot;:false,&quot;autoplayHoverPause&quot;:false,&quot;autoplayTimeout&quot;:3000,&quot;autoWidth&quot;:false,&quot;smartSpeed&quot;:350,&quot;margin&quot;:0,&quot;mouseDrag&quot;:true,&quot;rtl&quot;:false,&quot;slideBy&quot;:&quot;1&quot;,&quot;touchDrag&quot;:true,&quot;slideTransition&quot;:&quot;&quot;,&quot;responsive&quot;:{&quot;0&quot;:{&quot;autoHeight&quot;:false,&quot;autoplay&quot;:false,&quot;autoWidth&quot;:false,&quot;center&quot;:false,&quot;dots&quot;:false,&quot;items&quot;:1,&quot;loop&quot;:false,&quot;nav&quot;:false,&quot;stagePadding&quot;:0,&quot;slideBy&quot;:&quot;1&quot;},&quot;801&quot;:{&quot;items&quot;:1,&quot;autoplay&quot;:false,&quot;center&quot;:false,&quot;dots&quot;:false,&quot;nav&quot;:true,&quot;autoHeight&quot;:false,&quot;autoWidth&quot;:false,&quot;loop&quot;:false,&quot;stagePadding&quot;:0}}}}'><\/div><\/div><div class=\"w-separator size_small\"><\/div><div class=\"w-separator size_large\"><\/div><\/div><\/div><\/div><\/div><\/section><section class=\"l-section wpb_row us_custom_6bd39a15 height_small\"><div class=\"l-section-h i-cf\"><div class=\"g-cols vc_row via_grid cols_custom laptops-cols_inherit tablets-cols_inherit mobiles-cols_1 valign_top type_default stacking_default\" style=\"--custom-columns:3fr 1.5fr 1.5fr \"><div class=\"wpb_column vc_column_container us_custom_ebda694a\"><div class=\"vc_column-inner\"><div class=\"w-separator size_large\"><\/div><div class=\"w-separator size_medium\"><\/div><div class=\"wpb_text_column us_custom_9eee4631\"><div class=\"wpb_wrapper\"><h5>The program of the congress will combine talks, roundtables, workshops, seminars, and artistic-cultural performances.<\/h5>\n<p>The BIHAR International Congress invites us to look towards the future: to build narratives, emotions and paths projected into the future, carrying the journey so far, and looking ahead, knowing that after dusk comes dawn.<\/p>\n<\/div><\/div><div class=\"w-separator size_large\"><\/div><\/div><\/div><div class=\"wpb_column vc_column_container us_custom_71b45488 has_bg_color\"><div class=\"vc_column-inner\"><div class=\"w-separator size_small\"><\/div><div class=\"w-image align_none\"><div class=\"w-image-h\"><img decoding=\"async\" width=\"55\" height=\"74\" src=\"https:\/\/bihar.eus\/wp-content\/uploads\/2026\/03\/geo-alt-2.png\" class=\"attachment-large size-large\" alt=\"\" loading=\"lazy\" \/><\/div><\/div><div class=\"w-separator size_small\"><\/div><h3 class=\"w-text us_custom_eb849559\"><span class=\"w-text-h\"><span class=\"w-text-value\">Euskalduna jauregia \u00b7 Bilbao<\/span><\/span><\/h3><div class=\"w-separator size_large\"><\/div><div class=\"w-image align_none\"><div class=\"w-image-h\"><img decoding=\"async\" width=\"48\" height=\"48\" src=\"https:\/\/bihar.eus\/wp-content\/uploads\/2026\/03\/calendar-check.png\" class=\"attachment-large size-large\" alt=\"\" loading=\"lazy\" \/><\/div><\/div><div class=\"w-separator size_small\"><\/div><h3 class=\"w-text us_custom_eb849559\"><span class=\"w-text-h\"><span class=\"w-text-value\">September 23<\/span><\/span><\/h3><div class=\"w-separator size_small\"><\/div><\/div><\/div><div class=\"wpb_column vc_column_container us_custom_71b45488 has_bg_color\"><div class=\"vc_column-inner\"><div class=\"w-separator size_small\"><\/div><div class=\"w-image align_none\"><div class=\"w-image-h\"><img decoding=\"async\" width=\"55\" height=\"74\" src=\"https:\/\/bihar.eus\/wp-content\/uploads\/2026\/03\/geo-alt-2.png\" class=\"attachment-large size-large\" alt=\"\" loading=\"lazy\" \/><\/div><\/div><div class=\"w-separator size_small\"><\/div><h3 class=\"w-text us_custom_eb849559\"><span class=\"w-text-h\"><span class=\"w-text-value\">Ficoba \u2013 Irun \/ Hendaye<\/span><\/span><\/h3><div class=\"w-separator size_large\"><\/div><div class=\"w-image align_none\"><div class=\"w-image-h\"><img decoding=\"async\" width=\"48\" height=\"48\" src=\"https:\/\/bihar.eus\/wp-content\/uploads\/2026\/03\/calendar-check.png\" class=\"attachment-large size-large\" alt=\"\" loading=\"lazy\" \/><\/div><\/div><div class=\"w-separator size_small\"><\/div><h3 class=\"w-text us_custom_eb849559\"><span class=\"w-text-h\"><span class=\"w-text-value\">September 24, 25 and 26<\/span><\/span><\/h3><div class=\"w-separator size_small\"><\/div><\/div><\/div><\/div><\/div><\/section><section class=\"l-section wpb_row us_custom_3d2a9b29 height_small width_custom\" style=\"--site-content-width:930px;\"><div class=\"l-section-h i-cf\"><div class=\"g-cols vc_row via_grid cols_1 laptops-cols_inherit tablets-cols_inherit mobiles-cols_1 valign_top type_default stacking_default\"><div class=\"wpb_column vc_column_container\"><div class=\"vc_column-inner\"><div class=\"w-separator size_small\"><\/div><\/div><\/div><\/div><\/div><\/section><section class=\"l-section wpb_row us_custom_0e6be46c height_large\"><div class=\"l-section-h i-cf\"><div class=\"g-cols vc_row via_grid cols_2 laptops-cols_inherit tablets-cols_inherit mobiles-cols_1 valign_bottom type_default stacking_default\"><div class=\"wpb_column vc_column_container\"><div class=\"vc_column-inner\"><h3 class=\"w-text us_custom_df5f4c97 has_text_color\"><span class=\"w-text-h\"><span class=\"w-text-value\">We have formed the International Advisory Committee to assist in organizing the Congress. These are the members who make up the committee:<\/span><\/span><\/h3><div class=\"wpb_text_column us_custom_df5f4c97 has_text_color\"><div class=\"wpb_wrapper\"><ul>\n<li>Albert Badosa Rold\u00f3s, Catalan, Grup de Ling\u00fcistes per la Diversitat (GLiDi-UB)<\/li>\n<li>Alexandra Philbin, Irish, Endangered Languages Project<\/li>\n<li>Aliana Parker, First Peoples&#8217; Cultural Council<\/li>\n<li>Amanda Holmes, Mohawk language community, Endangered Languages Project<\/li>\n<li>Anna Belew, Endangered Languages Project<\/li>\n<li>Danika Vickers, Hai\u0301\u026bzaqv\u1e37a language community, Endangered Languages Project<\/li>\n<li>\u00a0Elvis Bolivar T\u00faquerres Ichau, Ecuadorian Kichwa Karanki, Organizaci\u00f3n Asociaci\u00f3n Kichwakamak Sisariy<\/li>\n<li>Ernst Djeride Jean-Baptiste, Haitian Creole, MIT-Haiti Initiative<\/li>\n<li>Igor Xoy\u00f3n D\u00edaz, Kaqchikel, Red de Escuelas Kaqchikeles: Ruk&#8217;u&#8217;x Qatinam\u00eft<\/li>\n<li>Ihitz Iriart Casenave, Basque, singer, dancer, and cultural agent<\/li>\n<li>I\u00f1aki Sagardoy Leuza, Basque, Public University of Navarre<\/li>\n<\/ul>\n<\/div><\/div><\/div><\/div><div class=\"wpb_column vc_column_container\"><div class=\"vc_column-inner\"><div class=\"w-separator size_huge\"><\/div><div class=\"wpb_text_column us_custom_df5f4c97 has_text_color\"><div class=\"wpb_wrapper\"><ul>\n<li>Kekoa Harman, Hawaiian Language, University of Hawai\u02bbi at Hilo<\/li>\n<li>Mirjam Vellinga, Frysk, Af\u00fbk organisation<\/li>\n<li>Monica Pere\u00f1a Perez, Catalan, Associaci\u00f3 Linguapax Internacional<\/li>\n<li>Mustapha El Adak, Amazigh community, university researcher\/University of Oujda<\/li>\n<li>Paula Kasares Corrales, Basque, sociolinguist<\/li>\n<li>Pius Akumbu, Babanki language community, Endangered Languages Project \/ CNRS-LLACAN<\/li>\n<li>Rahera Cowie, Ng\u0101i Tahu, Ng\u0101puhi, and Ng\u0101ti Kahu M\u0101ori tribes, University of Canterbury<\/li>\n<li>Miriam Viviana Gonz\u00e1lez Garz\u00f3n, collaborator from the Nasa people, Plan de Vida Proyecto Nasa and Garabide<\/li>\n<li>Yasnaya Elena Aguilar, Mixe, Colectivo Mixe<\/li>\n<li><strong>Yazmin Novelo<\/strong>, Yucatec Maya, Endangered Languages Project \/ U p\u00e9ekbal waye\u2019<\/li>\n<li><strong>Yulha Lhawa<\/strong>, Khroskyabs language community, Endangered Languages Project<\/li>\n<\/ul>\n<\/div><\/div><\/div><\/div><\/div><\/div><\/section><section class=\"l-section wpb_row bg-grad height_small\"><div class=\"l-section-h i-cf\"><div class=\"g-cols vc_row via_grid cols_1 laptops-cols_inherit tablets-cols_inherit mobiles-cols_1 valign_top type_default stacking_default\"><div class=\"wpb_column vc_column_container\"><div class=\"vc_column-inner\"><div class=\"w-separator size_medium\"><\/div><h2 class=\"w-text us_custom_8b3d6790 has_text_color\"><span class=\"w-text-h\"><span class=\"w-text-value\">Etorri nahi duzu?<\/span><\/span><\/h2><div class=\"w-separator size_custom\" style=\"height:0.5rem\"><\/div><div class=\"w-vwrapper us_custom_1722777a align_none valign_top\"><div class=\"wpb_text_column\"><div class=\"wpb_wrapper\"><h3>Do you want to attend the Congress?<\/h3>\n<\/div><\/div><div class=\"wpb_text_column us_custom_ea76afbe\"><div class=\"wpb_wrapper\"><p>Registration opens on May 11<\/p>\n<h5>Save the date!<\/h5>\n<h5><\/h5>\n<\/div><\/div><\/div><div class=\"w-separator size_medium\"><\/div><\/div><\/div><\/div><\/div><\/section>\n","protected":false},"excerpt":{"rendered":"","protected":false},"author":1,"featured_media":0,"parent":0,"menu_order":0,"comment_status":"closed","ping_status":"closed","template":"","meta":{"_acf_changed":false,"om_disable_all_campaigns":false,"_monsterinsights_skip_tracking":false,"_monsterinsights_sitenote_active":false,"_monsterinsights_sitenote_note":"","_monsterinsights_sitenote_category":0,"footnotes":""},"class_list":["post-891","page","type-page","status-publish","hentry"],"acf":[],"aioseo_notices":[],"_links":{"self":[{"href":"https:\/\/bihar.eus\/en\/wp-json\/wp\/v2\/pages\/891","targetHints":{"allow":["GET"]}}],"collection":[{"href":"https:\/\/bihar.eus\/en\/wp-json\/wp\/v2\/pages"}],"about":[{"href":"https:\/\/bihar.eus\/en\/wp-json\/wp\/v2\/types\/page"}],"author":[{"embeddable":true,"href":"https:\/\/bihar.eus\/en\/wp-json\/wp\/v2\/users\/1"}],"replies":[{"embeddable":true,"href":"https:\/\/bihar.eus\/en\/wp-json\/wp\/v2\/comments?post=891"}],"version-history":[{"count":8,"href":"https:\/\/bihar.eus\/en\/wp-json\/wp\/v2\/pages\/891\/revisions"}],"predecessor-version":[{"id":1421,"href":"https:\/\/bihar.eus\/en\/wp-json\/wp\/v2\/pages\/891\/revisions\/1421"}],"wp:attachment":[{"href":"https:\/\/bihar.eus\/en\/wp-json\/wp\/v2\/media?parent=891"}],"curies":[{"name":"wp","href":"https:\/\/api.w.org\/{rel}","templated":true}]}}